{"id":389,"date":"2023-01-22T23:25:05","date_gmt":"2023-01-22T23:25:05","guid":{"rendered":"https:\/\/forumpaliwalternatywnych.pl\/?page_id=389"},"modified":"2023-03-16T10:15:17","modified_gmt":"2023-03-16T10:15:17","slug":"program","status":"publish","type":"page","link":"https:\/\/forumpaliwalternatywnych.pl\/edycja2023\/program\/","title":{"rendered":"Program"},"content":{"rendered":"\t\t<div data-elementor-type=\"wp-page\" data-elementor-id=\"389\" class=\"elementor elementor-389\" data-elementor-post-type=\"page\">\n\t\t\t\t\t\t\t\t\t<section class=\"penci-section penci-dmcheck penci-elbg-activate penci-elbg-img penci-disSticky penci-structure-22 elementor-section elementor-top-section elementor-element elementor-element-a7e846f elementor-section-content-middle elementor-section-boxed elementor-section-height-default elementor-section-height-default\" data-id=\"a7e846f\" data-element_type=\"section\" data-settings=\"{&quot;background_background&quot;:&quot;classic&quot;}\">\n\t\t\t\t\t\t<div class=\"elementor-container elementor-column-gap-extended\">\n\t\t\t\t\t<div class=\"penci-ercol-66 penci-ercol-order-1 penci-sticky-ct    elementor-column elementor-col-66 elementor-top-column elementor-element elementor-element-087f445\" data-id=\"087f445\" data-element_type=\"column\">\n\t\t\t<div class=\"elementor-widget-wrap elementor-element-populated\">\n\t\t\t\t\t\t\t\t<div class=\"elementor-element elementor-element-7a2a7ba elementor-widget elementor-widget-penci-fancy_heading\" data-id=\"7a2a7ba\" data-element_type=\"widget\" data-widget_type=\"penci-fancy_heading.default\">\n\t\t\t\t<div class=\"elementor-widget-container\">\n\t\t\t\t\t<div class=\"penci-fancy-heading penci-heading-text-left\">\r\n\t\t\t<div class=\"penci-fancy-heading-inner\">\r\n\t\t\t\t<h2 class=\"penci-heading-title\"><span class=\"inner-tit\">Program<\/span><\/h2>\t\t\t<\/div>\r\n\t\t<\/div>\r\n\t\t\t\t<\/div>\n\t\t\t\t<\/div>\n\t\t\t\t\t<\/div>\n\t\t<\/div>\n\t\t\t\t<div class=\"penci-ercol-33 penci-ercol-order-2 penci-sticky-sb penci-sidebarSC   elementor-column elementor-col-33 elementor-top-column elementor-element elementor-element-e8bc493 elementor-hidden-desktop elementor-hidden-tablet elementor-hidden-mobile\" data-id=\"e8bc493\" data-element_type=\"column\">\n\t\t\t<div class=\"elementor-widget-wrap\">\n\t\t\t\t\t\t\t\t\t<\/div>\n\t\t<\/div>\n\t\t\t\t\t\t\t<\/div>\n\t\t<\/section>\n\t\t\t\t<section class=\"penci-section penci-dmcheck penci-elbg-activate penci-disSticky penci-structure-10 elementor-section elementor-top-section elementor-element elementor-element-bdf743a elementor-section-content-middle elementor-section-boxed elementor-section-height-default elementor-section-height-default\" data-id=\"bdf743a\" data-element_type=\"section\" data-settings=\"{&quot;background_background&quot;:&quot;classic&quot;}\">\n\t\t\t\t\t\t<div class=\"elementor-container elementor-column-gap-extended\">\n\t\t\t\t\t<div class=\"penci-ercol-100 penci-ercol-order-1 penci-sticky-ct    elementor-column elementor-col-100 elementor-top-column elementor-element elementor-element-c957ae4\" data-id=\"c957ae4\" data-element_type=\"column\">\n\t\t\t<div class=\"elementor-widget-wrap elementor-element-populated\">\n\t\t\t\t\t\t\t\t<div class=\"elementor-element elementor-element-e739d2c elementor-widget elementor-widget-penci-fancy_heading\" data-id=\"e739d2c\" data-element_type=\"widget\" data-widget_type=\"penci-fancy_heading.default\">\n\t\t\t\t<div class=\"elementor-widget-container\">\n\t\t\t\t\t<div class=\"penci-fancy-heading penci-heading-text-left\">\r\n\t\t\t<div class=\"penci-fancy-heading-inner\">\r\n\t\t\t\t<h2 class=\"penci-heading-title\"><span class=\"inner-tit\">Agenda Konferencji IV Forum Paliw Alternatywnych<\/span><\/h2>\t\t\t<\/div>\r\n\t\t<\/div>\r\n\t\t\t\t<\/div>\n\t\t\t\t<\/div>\n\t\t\t\t\t<\/div>\n\t\t<\/div>\n\t\t\t\t\t\t\t<\/div>\n\t\t<\/section>\n\t\t\t\t<section class=\"penci-section penci-disSticky penci-structure-21 elementor-section elementor-top-section elementor-element elementor-element-b97a1f9 elementor-section-content-middle elementor-section-boxed elementor-section-height-default elementor-section-height-default\" data-id=\"b97a1f9\" data-element_type=\"section\">\n\t\t\t\t\t\t<div class=\"elementor-container elementor-column-gap-wider\">\n\t\t\t\t\t<div class=\"penci-ercol-33 penci-ercol-order-1 penci-sticky-sb penci-sidebarSC   elementor-column elementor-col-33 elementor-top-column elementor-element elementor-element-8c14c8a\" data-id=\"8c14c8a\" data-element_type=\"column\">\n\t\t\t<div class=\"elementor-widget-wrap elementor-element-populated\">\n\t\t\t\t\t\t\t\t<div class=\"elementor-element elementor-element-94b0f75 elementor-widget elementor-widget-penci-fancy_heading\" data-id=\"94b0f75\" data-element_type=\"widget\" data-widget_type=\"penci-fancy_heading.default\">\n\t\t\t\t<div class=\"elementor-widget-container\">\n\t\t\t\t\t<div class=\"penci-fancy-heading penci-heading-text-left\">\r\n\t\t\t<div class=\"penci-fancy-heading-inner\">\r\n\t\t\t\t<div class=\"penci-heading-subtitle\">Dzie\u0144 I<\/div><h2 class=\"penci-heading-title\"><span class=\"inner-tit\">11.00 Rejestracja uczestnik\u00f3w<br>\n13.00 Otwarcie konferencji<br>\n13.30 Sesja pierwsza<br>\n15.00 Zdj\u0119cie konferencyjne<br>\n15.15 Lunch <br>\n16.30 Sesja druga<br>\n17.30-18:30 Sesja przemys\u0142owa<br>\n18.30 Uroczysta kolacja<br>\n<\/span><\/h2>\t\t\t<\/div>\r\n\t\t<\/div>\r\n\t\t\t\t<\/div>\n\t\t\t\t<\/div>\n\t\t\t\t<div class=\"elementor-element elementor-element-90da00e elementor-widget elementor-widget-penci-fancy_heading\" data-id=\"90da00e\" data-element_type=\"widget\" data-widget_type=\"penci-fancy_heading.default\">\n\t\t\t\t<div class=\"elementor-widget-container\">\n\t\t\t\t\t<div class=\"penci-fancy-heading penci-heading-text-left\">\r\n\t\t\t<div class=\"penci-fancy-heading-inner\">\r\n\t\t\t\t<div class=\"penci-heading-subtitle\">Dzie\u0144 II<\/div><h2 class=\"penci-heading-title\"><span class=\"inner-tit\">9.30 Sesja trzecia<br>\n11.00 Przerwa kawowa<br>\n11.30 Panel Dyskusyjny Nauka-Przemys\u0142<br>\n13.00 Lunch<br>\n14.30 Sesja czwarta<br>\n16.00 Przerwa kawowa<br>\n16:30 Sesja pi\u0105ta<br><\/span><\/h2>\t\t\t<\/div>\r\n\t\t<\/div>\r\n\t\t\t\t<\/div>\n\t\t\t\t<\/div>\n\t\t\t\t<div class=\"elementor-element elementor-element-401bd4c elementor-widget elementor-widget-penci-fancy_heading\" data-id=\"401bd4c\" data-element_type=\"widget\" data-widget_type=\"penci-fancy_heading.default\">\n\t\t\t\t<div class=\"elementor-widget-container\">\n\t\t\t\t\t<div class=\"penci-fancy-heading penci-heading-text-left\">\r\n\t\t\t<div class=\"penci-fancy-heading-inner\">\r\n\t\t\t\t<div class=\"penci-heading-subtitle\">Dzie\u0144 III<\/div><h2 class=\"penci-heading-title\"><span class=\"inner-tit\">9.00 Sesja plenarna<br>\n11.00 Przerwa kawowa<br>\n11.30 Sesja podsumowuj\u0105ca<br>\n14.00 Lunch<br>\nZako\u0144czenie konferencji<br><\/span><\/h2>\t\t\t<\/div>\r\n\t\t<\/div>\r\n\t\t\t\t<\/div>\n\t\t\t\t<\/div>\n\t\t\t\t\t<\/div>\n\t\t<\/div>\n\t\t\t\t<div class=\"penci-ercol-66 penci-ercol-order-2 penci-sticky-ct    elementor-column elementor-col-66 elementor-top-column elementor-element elementor-element-9fb72c5\" data-id=\"9fb72c5\" data-element_type=\"column\">\n\t\t\t<div class=\"elementor-widget-wrap elementor-element-populated\">\n\t\t\t\t\t\t\t\t<div class=\"elementor-element elementor-element-4547bec elementor-widget elementor-widget-image\" data-id=\"4547bec\" data-element_type=\"widget\" data-widget_type=\"image.default\">\n\t\t\t\t<div class=\"elementor-widget-container\">\n\t\t\t<style>\/*! elementor - v3.18.0 - 20-12-2023 *\/\n.elementor-widget-image{text-align:center}.elementor-widget-image a{display:inline-block}.elementor-widget-image a img[src$=\".svg\"]{width:48px}.elementor-widget-image img{vertical-align:middle;display:inline-block}<\/style>\t\t\t\t\t\t\t\t\t\t\t\t<img fetchpriority=\"high\" decoding=\"async\" width=\"640\" height=\"960\" src=\"https:\/\/forumpaliwalternatywnych.pl\/edycja2023\/wp-content\/uploads\/2023\/01\/nathan-dumlao-xPHmmVKS8lM-unsplash.jpg\" class=\"attachment-large size-large wp-image-396\" alt=\"\" srcset=\"https:\/\/forumpaliwalternatywnych.pl\/edycja2023\/wp-content\/uploads\/2023\/01\/nathan-dumlao-xPHmmVKS8lM-unsplash.jpg 640w, https:\/\/forumpaliwalternatywnych.pl\/edycja2023\/wp-content\/uploads\/2023\/01\/nathan-dumlao-xPHmmVKS8lM-unsplash-200x300.jpg 200w, https:\/\/forumpaliwalternatywnych.pl\/edycja2023\/wp-content\/uploads\/2023\/01\/nathan-dumlao-xPHmmVKS8lM-unsplash-585x878.jpg 585w\" sizes=\"(max-width: 640px) 100vw, 640px\" \/>\t\t\t\t\t\t\t\t\t\t\t\t\t\t\t<\/div>\n\t\t\t\t<\/div>\n\t\t\t\t\t<\/div>\n\t\t<\/div>\n\t\t\t\t\t\t\t<\/div>\n\t\t<\/section>\n\t\t\t\t<section class=\"penci-section penci-disSticky penci-structure-10 elementor-section elementor-top-section elementor-element elementor-element-c2be6c9 elementor-section-boxed elementor-section-height-default elementor-section-height-default\" data-id=\"c2be6c9\" data-element_type=\"section\">\n\t\t\t\t\t\t<div class=\"elementor-container elementor-column-gap-default\">\n\t\t\t\t\t<div class=\"penci-ercol-100 penci-ercol-order-1 penci-sticky-ct    elementor-column elementor-col-100 elementor-top-column elementor-element elementor-element-f932d44\" data-id=\"f932d44\" data-element_type=\"column\">\n\t\t\t<div class=\"elementor-widget-wrap elementor-element-populated\">\n\t\t\t\t\t\t\t\t<div class=\"elementor-element elementor-element-f2b1f92 elementor-widget elementor-widget-penci-text-block\" data-id=\"f2b1f92\" data-element_type=\"widget\" data-widget_type=\"penci-text-block.default\">\n\t\t\t\t<div class=\"elementor-widget-container\">\n\t\t\t\t\t<div class=\"penci-block-vc penci-text-editor\">\r\n\t\t\t\t\t\t<div class=\"penci-block_content\">\r\n\t\t\t\t<div class=\"elementor-text-editor elementor-clearfix\"><h3><strong>RAMOWY PROGRAM KONFERENCJI<\/strong><\/h3>\n<h1><strong>IV Forum Paliw Alternatywnych (FPA2023)<\/strong><\/h1>\n<strong>                 <\/strong>\n<h2><strong>\u015broda 15.03.2023<\/strong><\/h2>\n11.00- 13.00 &#8211; Rejestracja uczestnik\u00f3w<br>\n\n13.00 &#8211; <strong>Otwarcie konferencji<\/strong><br>\n\n13.30 &#8211; Sesja pierwsza<br><br\/>\n\n&nbsp;\n\n<strong>AKTUALNE PROBLEMY PALIW ALTERNATYWNYCH<\/strong><br>\n\nProwadz\u0105cy: <span style=\"text-decoration: underline;\"> prof. ndzw. dr hab. Arkadiusz Szymanek <\/span><br>\n\n&nbsp;\n<ol>\n \t<li>Prof. ndzw dr hab. in\u017c. Jurand Bie\u0144 \u2013 Politechnika Cz\u0119stochowska, Paliwa alternatywne wczoraj-dzisiaj-jutro.<\/li>\n \t<li>Dr hab. in\u017c. Barbara Tora &#8211; Akademia G\u00f3rniczo-Hutnicza  &#8211; \u201eCo by tu jeszcze spali\u0107 Panowie\u201d.<\/li>\n \t<li>Dr hab. Aneta Magdziarz, prof. AGH \u2013 Akademia G\u00f3rniczo-Hutnicza \u2013 \u201eZastosowanie popio\u0142\u00f3w lotnych do produkcji katalizator\u00f3w i adsorbent\u00f3w\u201d.<\/li>\n \t<li>Mgr Katarzyna Wolny \u2013 Tomczyk \u2013 Zwi\u0105zek Producent\u00f3w Paliw z Odpad\u00f3w i Biomasy \u2013 \u201ePaliwa z odpad\u00f3w i biomasy jako substytut paliw w\u0119glowych&#8221;.<\/li>\n \t<li>Dr hab. in\u017c. Andrzej Majka &#8211; Politechnika Rzeszowska &#8211; &#8222;Paliwa alternatywne \nw transporcie lotniczym przysz\u0142o\u015bci&#8221;.<\/li>\n \t<li>Dr in\u017c. Przemys\u0142aw Grzywacz \u2013 Akademia G\u00f3rniczo Hutnicza \u2013 \u201eZgazowania karbonizat\u00f3w ze zu\u017cytych opon z zastosowaniem katalizatora opartego na popio\u0142ach biomasowych\u201d.<\/li>\n<li>Dr in\u017c. Jakub Mokrzycki &#8211; Akademia G\u00f3rniczo &#8211; Hutnicza &#8211; &#8222;Popio\u0142y lotne z termicznej przer\u00f3bki odpad\u00f3w jako surowiec do otrzymywania geopolimer\u00f3w&#8221;<\/li>\n<li>Dr. in\u017c. Tadeusz Dziok &#8211; Akademia G\u00f3rniczo \u2013 Hutnicza \u2013 \u201eMo\u017cliwo\u015b\u0107 obni\u017cenia zawarto\u015bci rt\u0119ci w paliwach alternatywnych\u201d<\/li><br>\n\n<\/ol>\n15.00 \u2013 Zdj\u0119cie Konferencyjne<br>\n\n15.15 \u2013 Lunch<br>\n\n16.30 \u2013 Sesja druga<br><br\/>\n<strong>NOWE TRENDY PA<\/strong><strong>LIW ALTERNATYWNYCH \u2013 STAN OBECNY PERSPEKTYWY<\/strong><br>\n\nProwadz\u0105cy: <span style=\"text-decoration: underline;\"> prof. ndzw. dr hab. Jurand Bie\u0144 <\/span><br>\n\n&nbsp;\n<ol>\n \t<li style=\"list-style-type: none;\">\n<ol>\n \t<li>Prof. dr hab. Adam Smoli\u0144ski, G\u0142\u00f3wny Instytut G\u00f3rnictwa \u2013 \u201eWod\u00f3r jako nowy, przyjazny \u015brodowisku no\u015bnik energii\u201d.<\/li>\n \t<li>Dr hab. in\u017c. Magdalena Dudek, prof. AGH &#8211; Akademia G\u00f3rniczo Hutnicza \u2013 \u201eWod\u00f3r \ni paliwa alternatywne w technologii ogniw paliwowych dla zastosowa\u0144 energetycznych \ni transportowych\u201d.<\/li>\n \t<li>Dr hab. in\u017c. Monika Zajemska &#8211; Politechnika Cz\u0119stochowska \u2013 \u201eRola paliw alternatywnych w przemy\u015ble metalurgicznym\u201d.<\/li>\n              <li>Adam Ko\u015bcielniak &#8211; A-RES Advisory \u2013 \u201eNowoczesne technologie w obszarze biogazu \ni biomasy, a tak\u017ce innowacyjne rozwi\u0105zania w kraju i za granic\u0105 i ich praktyczne zastosowanie\u201d. <\/li>\n \t<li>Dr in\u017c. Wojciech Moro\u0144 \u2013 Politechnika Wroc\u0142awska &#8211; Wydzia\u0142 Mechaniczno-Energetyczny Katedra In\u017cynierii Konwersji Energii \u2013 \u201eOcena wp\u0142ywu zawarto\u015bci wilgoci na tempera-tur\u0119 zap\u0142onu paliwa alternatywnego z wykorzystaniem analizy TGA\u201d. <\/li>\n \t<li>Dr hab. Iwona Jelonek, prof. U\u015a \u2013 Uniwersytet \u015al\u0105ski &#8211; \u201ePotencja\u0142 ro\u015blin zielnych \nw produkcji biopaliw sta\u0142ych\u201d.<\/li>\n             <li>Dr Zbigniew Jelonek \u2013 Uniwersytet \u015al\u0105ski \u2013 \u201eOdkrywanie potencja\u0142u RDF &#8211; badanie jego zalet i wad\u201d<\/li><br>\n\n\n \t\n17.30 \u201318:30 Sesja przemys\u0142owa<br><br\/>\n<strong> <\/strong>\n<strong>PALIWA ALTERNATYWNE<\/strong><br>\nProwadz\u0105cy: <span style=\"text-decoration: underline;\">dr Przemys\u0142aw Jura<\/span><br><br\/>\n18.30 \u2013 Uroczysta kolacja<br><br\/>\n<strong>czwartek 16.03.2023<\/strong><br><br\/>\n\n8.00- 12.00 \u2013 Rejestracja uczestnik\u00f3w<br>\n09.30 \u2013 Sesja trzecia<br><br\/>\n<strong> OCHRONA POWIETRZA A PALIWA ALTERNATYWNE<\/strong><br>\nProwadz\u0105cy: <span style=\"text-decoration: underline;\">prof. dr in\u017c. Barbara Tora<\/span><br>\n&nbsp;\n<ol>\n \t<li>Dr Artur Koz\u0142owski prof. EMAG, Mgr Micha\u0142 Chrobak, Mgr Pawe\u0142 Modzelewski, Mgr Adam Gajewski \u2013 Sie\u0107 Badawcza \u0141ukasiewicz &#8211; Instytut Technik Innowacyjnych EMAG &#8211; \u201eWielowariantowe podej\u015bcie do cyberbezpiecze\u0144stwa w odniesieniu do uk\u0142ad\u00f3w i linii technologicznych\u201d .<\/li>\n \t<li>Prof. ndzw. dr hab. in\u017c. Rafa\u0142 Koby\u0142ecki &#8211; Politechnika Cz\u0119stochowska \u2013 \u201eWybrane aspekty spalania paliw alternatywnych\u201d.<\/li>\n \t<li>Dr in\u017c. Robert Zarzycki &#8211; Politechnika Cz\u0119stochowska \u2013 \u201eAnaliza numeryczna termicznego przetwarzania paliw\u201d.<\/li>\n \t<li>Dr Piotr Bober \u2013 Platforma Przemys\u0142u Przysz\u0142o\u015bci \u2013\u201eMechanizmy wspierania transformacji cyfrowej przedsi\u0119biorstw\u201d. <\/li>\n              <li>Mgr Paulina Mizerska \u2013 Platforma Przemys\u0142u Przysz\u0142o\u015bci \u2013\u201eNawigator Finansowy jako wsparcie procesu pozyskiwania \u017ar\u00f3de\u0142 finansowania transformacji cyfrowej.\u201d<\/li>\n\t<li>Dr in\u017c. Monika Kosowska-Golachowska &#8211; Politechnika Cz\u0119stochowska \u2013 \u201eEmisje zanieczyszcze\u0144 ze spalania paliw alternatywnych w cyrkulacyjnej warstwie fluidalnej\u201d<\/li><br>\n<\/ol>\n11.00 &#8211; Przerwa kawowa<br>\n\n11.30 &#8211; <strong>PANEL PREZENTACYJNY NAUKA-PRZEMYS\u0141<\/strong><br>\n\n13.00 \u2013 Lunch<br>\n\n14.30 \u2013 Sesja czwarta<br><br\/>\n\n<strong>PALIWA ALTERNATYWNE W ENERGETYCE \u2013 ZGADNIENIA GOZ<\/strong><br><br\/><ol>\n \t\n <li>Prof. ndzw. dr hab. in\u017c. Pawe\u0142 Ogrodnik \u2013Szko\u0142a G\u0142\u00f3wna Gospodarstwa Wiejskiego \u2013 \u201eWykorzystanie popio\u0142\u00f3w lotnych ze spalania osad\u00f3w \u015bciekowych do produkcji kompozyt\u00f3w betonowych odpornych na dzia\u0142anie wysokich temperatur\u201d.<\/li>\n<li>Prof. ndzw. dr hab. in\u017c. Anna Pajdak IMG PAN \u2013 \u201eEfektywno\u015b\u0107 akumulacji wodoru na grupie materia\u0142\u00f3w w\u0119glowych o zr\u00f3\u017cnicowanej strukturze\u201d.<\/li>\n<li>Dr in\u017c. Mariusz W\u0105drzyk &#8211; Akademia G\u00f3rniczo &#8211; Hutnicza &#8211;  &#8222;Proces hydrotermicznego up\u0142ynniania jako efektywna metoda przetwarzania odpad\u00f3w biomasowych (z przemys\u0142u spo\u017cywczego) o wysokiej zawarto\u015bci wilgoci do wysokoenergetycznych\/u\u017cytecznych paliw alternatywnych&#8221;.<\/li> \n<li>Prof. nadzw. dr hab. Monika Motak, dr in\u017c.. Bogdan Samojeden \u2013 Akademia G\u00f3rniczo \u2013 Hutnicza \u2013 \u201eKatalityczne metody chemicznego zagospodarowania ditlenku w\u0119gla do paliw \nalternatywnych\u201d<\/li>\n<li>Dr hab. In\u017c. Rados\u0142aw Pomyka\u0142a prof. AGH, Akademia G\u00f3rniczo-Hutnicza \u2013 \u201eWyniki konsultacji Busines Technology Roadmap w formacie SmartLab dla PARP\u201d<\/li><br>\n<\/ol>\n\n16.00 &#8211; Przerwa kawowa<br>\n16.30 &#8211; Sesja pi\u0105ta<br><br\/>\n\n<strong>BADANIA I ROZWOJ PALIW ALTERNATYWNYCH<\/strong><br>\n\nProwadz\u0105cy:  <span style=\"text-decoration: underline;\">prof. ndzw. dr hab. in\u017c. Jurand Bie\u0144<\/span><br>\n\n&nbsp;\n<ol>\n<li>Mgr in\u017c. Katarzyna Kaczy\u0144ska \u2013 Politechnika Cz\u0119stochowska \u2013 \u201eKalcynacja materia\u0142u ilastego w warstwie fluidalnej z dodatkiem RDF\u201d.<\/li>\n<li>Mgr in\u017c. Konrad Kaczy\u0144ski &#8211; Politechnika Cz\u0119stochowska \u2013 \u201eBadania eksperymentalne wyznaczania ubytku masy pelet\u00f3w RDF w warstwie fluidalne\u201d.<\/li>\n<li>Dr hab. in\u017c. Micha\u0142 Bembenek, prof. EMAG, Dr in\u017c. Artur Koz\u0142owski, prof. EMAG, Dr in\u017c. Jaros\u0142aw Smy\u0142a, Dr in\u017c. Tomasz Dzik, dr in\u017c. Piotr Wojtas &#8211; Sie\u0107 Badawcza \u0141ukasiewicz &#8211; Instytut Technik Innowacyjnych EMAG &#8211;  \u201ePerspektywiczne mo\u017cliwo\u015bci stosowania technologii aglomeracji ci\u015bnieniowej w kontek\u015bcie wytwarzania paliwa alternatywnych niskoemisyjnych\u201d.\n<li>Dr hab. in\u017c. Piotr Kwiatkiewicz, prof. UAM &#8211;  Uniwersytet im. Adama Mickiewicza w Poznaniu &#8211; &#8222;Bioetanol jako paliwo alternatywne wobec w\u0119glowodor\u00f3w kopalnych &#8211; wybrane aspekty politycz-no-gospodarcze&#8221;<\/li>\n<li>Dr Przemys\u0142aw Jura &#8211; Instytut Nauk Ekonomicznych i Spo\u0142ecznych \u2013\u201eEfektywno\u015b\u0107 proces\u00f3w gospodarki odpadami w obszarze paliw alternatywnych\u201d.<\/li><br>\n<strong>pi\u0105tek 17.03.2023<\/strong><span style=\"font-size: inherit; text-align: inherit; font-family: var(--pcbody-font);\"><br><br\/>\n9.00 &#8211; Sesja sz\u00f3sta<\/span><strong> <\/strong><br><br\/>\n<strong>ZAGOSPODAROWANIE PALIW ALTERNATYWNYCH<\/strong><br>\nProwadz\u0105cy:  <span style=\"text-decoration: underline;\">prof. ndzw. dr hab. in\u017c. Rafa\u0142 Koby\u0142ecki<\/span><br><br\/>\n<ol>\n \t<li style=\"list-style-type: none;\">\n<ol>\n<li>Dr Przemys\u0142aw Jura \u2013 Instytut Nauk Ekonomicznych i Spo\u0142ecznych \u2013\u201eStan gospodarki odpadami \ni statystyki w dziedzinie paliw alternatywnych\u201d.<\/li> \n<li>Dr in\u017c. Marek Sutkowski &#8211; Horus \u2013 \u201eRozwi\u0105zania dla silnik\u00f3w przemys\u0142owych zasilanych paliwami alternatywnymi. Dekada do\u015bwiadcze\u0144 w kogeneracji wodorowej&#8221;.<\/li>\n<li>Grzegorz Karpiak &#8211; PCC Rokita \u2013 \u201eDo\u015bwiadczenia eksploatacyjne z kot\u0142em wodorowym\u201d<\/li>\n<li>Mgr in\u017c. Andrzej Habry\u0144 \u2013 Smart Storage Sp. z o.o. \u2013 \u201ePiroliza paliw typu RDF\u201d<\/li>\n<li>Mgr in\u017c. Tomasz Wo\u017anica, Mgr in\u017c. Marek Bogacz, Dr in\u017c.  Robert Ulfig  &#8211; Sie\u0107 Badawcza \u0141ukasiewicz &#8211; Instytut Technik Innowacyjnych EMAG &#8211; \u201eWymagania i procedury badawcze oraz certyfikacja urz\u0105dze\u0144 dla rozwi\u0105za\u0144 technicznych wspomagaj\u0105cych procesy technologiczne\u201d.<\/li><br>\n\n11.00 \u2013 Przerwa kawowa<br><br\/>\n11.30 \u2013 Sesja podsumowuj\u0105ca<br>\n14.00 \u2013 Lunch<br>\nZako\u0144czenie konferencji<br><br\/>\n\nOrganizator zastrzega sobie prawo do zmiany w programie Konferencji<\/li>\n<\/ol>\n<\/div>\r\n\t\t\t<\/div>\r\n\t\t<\/div>\r\n\t\t\t\t<\/div>\n\t\t\t\t<\/div>\n\t\t\t\t\t<\/div>\n\t\t<\/div>\n\t\t\t\t\t\t\t<\/div>\n\t\t<\/section>\n\t\t\t\t\t\t\t<\/div>\n\t\t","protected":false},"excerpt":{"rendered":"<p>Program Agenda Konferencji IV Forum Paliw Alternatywnych Dzie\u0144 I 11.00 Rejestracja uczestnik\u00f3w 13.00 Otwarcie konferencji 13.30 Sesja pierwsza 15.00 Zdj\u0119cie konferencyjne 15.15 Lunch 16.30 Sesja druga 17.30-18:30 Sesja przemys\u0142owa 18.30&hellip;<\/p>\n","protected":false},"author":1,"featured_media":0,"parent":0,"menu_order":0,"comment_status":"closed","ping_status":"closed","template":"page-fullwidth.php","meta":{"footnotes":""},"_links":{"self":[{"href":"https:\/\/forumpaliwalternatywnych.pl\/edycja2023\/wp-json\/wp\/v2\/pages\/389"}],"collection":[{"href":"https:\/\/forumpaliwalternatywnych.pl\/edycja2023\/wp-json\/wp\/v2\/pages"}],"about":[{"href":"https:\/\/forumpaliwalternatywnych.pl\/edycja2023\/wp-json\/wp\/v2\/types\/page"}],"author":[{"embeddable":true,"href":"https:\/\/forumpaliwalternatywnych.pl\/edycja2023\/wp-json\/wp\/v2\/users\/1"}],"replies":[{"embeddable":true,"href":"https:\/\/forumpaliwalternatywnych.pl\/edycja2023\/wp-json\/wp\/v2\/comments?post=389"}],"version-history":[{"count":217,"href":"https:\/\/forumpaliwalternatywnych.pl\/edycja2023\/wp-json\/wp\/v2\/pages\/389\/revisions"}],"predecessor-version":[{"id":1186,"href":"https:\/\/forumpaliwalternatywnych.pl\/edycja2023\/wp-json\/wp\/v2\/pages\/389\/revisions\/1186"}],"wp:attachment":[{"href":"https:\/\/forumpaliwalternatywnych.pl\/edycja2023\/wp-json\/wp\/v2\/media?parent=389"}],"curies":[{"name":"wp","href":"https:\/\/api.w.org\/{rel}","templated":true}]}}