{"id":422,"date":"2023-01-23T00:08:17","date_gmt":"2023-01-23T00:08:17","guid":{"rendered":"https:\/\/forumpaliwalternatywnych.pl\/?page_id=422"},"modified":"2023-03-14T11:22:40","modified_gmt":"2023-03-14T11:22:40","slug":"prelegenci","status":"publish","type":"page","link":"https:\/\/forumpaliwalternatywnych.pl\/edycja2023\/prelegenci\/","title":{"rendered":"Prelegenci"},"content":{"rendered":"\t\t<div data-elementor-type=\"wp-page\" data-elementor-id=\"422\" class=\"elementor elementor-422\" data-elementor-post-type=\"page\">\n\t\t\t\t\t\t\t\t\t<section class=\"penci-section penci-dmcheck penci-elbg-activate penci-elbg-img penci-disSticky penci-structure-22 elementor-section elementor-top-section elementor-element elementor-element-a7e846f elementor-section-content-middle elementor-section-boxed elementor-section-height-default elementor-section-height-default\" data-id=\"a7e846f\" data-element_type=\"section\" data-settings=\"{&quot;background_background&quot;:&quot;classic&quot;}\">\n\t\t\t\t\t\t<div class=\"elementor-container elementor-column-gap-extended\">\n\t\t\t\t\t<div class=\"penci-ercol-66 penci-ercol-order-1 penci-sticky-ct    elementor-column elementor-col-66 elementor-top-column elementor-element elementor-element-087f445\" data-id=\"087f445\" data-element_type=\"column\">\n\t\t\t<div class=\"elementor-widget-wrap elementor-element-populated\">\n\t\t\t\t\t\t\t\t<div class=\"elementor-element elementor-element-7a2a7ba elementor-widget elementor-widget-penci-fancy_heading\" data-id=\"7a2a7ba\" data-element_type=\"widget\" data-widget_type=\"penci-fancy_heading.default\">\n\t\t\t\t<div class=\"elementor-widget-container\">\n\t\t\t\t\t<div class=\"penci-fancy-heading penci-heading-text-left\">\r\n\t\t\t<div class=\"penci-fancy-heading-inner\">\r\n\t\t\t\t<h2 class=\"penci-heading-title\"><span class=\"inner-tit\">Prelegenci<\/span><\/h2>\t\t\t<\/div>\r\n\t\t<\/div>\r\n\t\t\t\t<\/div>\n\t\t\t\t<\/div>\n\t\t\t\t\t<\/div>\n\t\t<\/div>\n\t\t\t\t<div class=\"penci-ercol-33 penci-ercol-order-2 penci-sticky-sb penci-sidebarSC   elementor-column elementor-col-33 elementor-top-column elementor-element elementor-element-e8bc493 elementor-hidden-desktop elementor-hidden-tablet elementor-hidden-mobile\" data-id=\"e8bc493\" data-element_type=\"column\">\n\t\t\t<div class=\"elementor-widget-wrap\">\n\t\t\t\t\t\t\t\t\t<\/div>\n\t\t<\/div>\n\t\t\t\t\t\t\t<\/div>\n\t\t<\/section>\n\t\t\t\t<section class=\"penci-section penci-dmcheck penci-elbg-activate penci-disSticky penci-structure-22 elementor-section elementor-top-section elementor-element elementor-element-bdf743a elementor-section-content-middle elementor-section-boxed elementor-section-height-default elementor-section-height-default\" data-id=\"bdf743a\" data-element_type=\"section\" data-settings=\"{&quot;background_background&quot;:&quot;classic&quot;}\">\n\t\t\t\t\t\t<div class=\"elementor-container elementor-column-gap-extended\">\n\t\t\t\t\t<div class=\"penci-ercol-66 penci-ercol-order-1 penci-sticky-ct    elementor-column elementor-col-66 elementor-top-column elementor-element elementor-element-c957ae4\" data-id=\"c957ae4\" data-element_type=\"column\">\n\t\t\t<div class=\"elementor-widget-wrap elementor-element-populated\">\n\t\t\t\t\t\t\t\t<div class=\"elementor-element elementor-element-e739d2c elementor-widget elementor-widget-penci-fancy_heading\" data-id=\"e739d2c\" data-element_type=\"widget\" data-widget_type=\"penci-fancy_heading.default\">\n\t\t\t\t<div class=\"elementor-widget-container\">\n\t\t\t\t\t<div class=\"penci-fancy-heading penci-heading-text-left\">\r\n\t\t\t<div class=\"penci-fancy-heading-inner\">\r\n\t\t\t\t<h2 class=\"penci-heading-title\"><span class=\"inner-tit\">Zaproszeni prelegenci:<\/span><\/h2>\t\t\t<\/div>\r\n\t\t<\/div>\r\n\t\t\t\t<\/div>\n\t\t\t\t<\/div>\n\t\t\t\t\t<\/div>\n\t\t<\/div>\n\t\t\t\t<div class=\"penci-ercol-33 penci-ercol-order-2 penci-sticky-sb penci-sidebarSC   elementor-column elementor-col-33 elementor-top-column elementor-element elementor-element-1ae07d9 elementor-hidden-desktop elementor-hidden-tablet elementor-hidden-mobile\" data-id=\"1ae07d9\" data-element_type=\"column\">\n\t\t\t<div class=\"elementor-widget-wrap\">\n\t\t\t\t\t\t\t\t\t<\/div>\n\t\t<\/div>\n\t\t\t\t\t\t\t<\/div>\n\t\t<\/section>\n\t\t\t\t<section class=\"penci-section penci-disSticky penci-structure-10 elementor-section elementor-top-section elementor-element elementor-element-b97a1f9 elementor-section-content-middle elementor-section-boxed elementor-section-height-default elementor-section-height-default\" data-id=\"b97a1f9\" data-element_type=\"section\">\n\t\t\t\t\t\t<div class=\"elementor-container elementor-column-gap-wider\">\n\t\t\t\t\t<div class=\"penci-ercol-100 penci-ercol-order-1 penci-sticky-ct    elementor-column elementor-col-100 elementor-top-column elementor-element elementor-element-8c14c8a\" data-id=\"8c14c8a\" data-element_type=\"column\">\n\t\t\t<div class=\"elementor-widget-wrap elementor-element-populated\">\n\t\t\t\t\t\t\t\t<div class=\"elementor-element elementor-element-94b0f75 elementor-widget elementor-widget-penci-fancy_heading\" data-id=\"94b0f75\" data-element_type=\"widget\" data-widget_type=\"penci-fancy_heading.default\">\n\t\t\t\t<div class=\"elementor-widget-container\">\n\t\t\t\t\t<div class=\"penci-fancy-heading penci-heading-text-left\">\r\n\t\t\t<div class=\"penci-fancy-heading-inner\">\r\n\t\t\t\t<h2 class=\"penci-heading-title\"><span class=\"inner-tit\">\n<br> prof. dr hab. Iwona Jelonek\n<br> prof. dr hab. Monika Motak\n<br> prof. dr hab. Marcin Sajdak\n<br> prof. dr hab. Adam Smolinski\n<br> prof. dr hab. Marcin Sosnowski\n<br> prof. dr hab. Barbara Tora \n<br> prof. dr hab. Monika Zajemska\n<br> prof. dr hab. Katarzyna  Zar\u0119bska\n<br> dr hab. in\u017c. Marian Bana\u015b, prof. AGH\n<br> dr hab. in\u017c. Micha\u0142 Bembenek, prof. EMAG\n<br> dr hab. Aneta Magdziarz, prof. AGH\n<br> dr hab. in\u017c. Magdalena Dudek\n<br> dr hab. in\u017c. Andrzej Majka\n<br> dr hab. in\u017c. Dorota Nowak-Wo\u017any\n<br> dr hab. in\u017c. Rados\u0142aw Pomyka\u0142a\n<br> dr hab. Pawe\u0142 Ogrodnik, prof. SGGW\n<br> dr in\u017c. Marek Bogacz \n<br> dr in\u017c. Tadeusz Dziok \n<br> dr in\u017c. Tomasz Dzik\n<br> dr in\u017c. Magdalena Gazda Grzywacz\n<br> dr in\u017c. Maciej Gliniak, prof. URK\n<br> dr in\u017c. Przemys\u0142aw Grzywacz\n<br> dr in\u017c. Karina Ignasiak\n<br> dr in\u017c. Artur Koz\u0142owski, prof. EMAG\n<br> dr in\u017c. Bogdan Samojeden\n<br> dr in\u017c.  Jaros\u0142aw Smy\u0142a\n<br> dr in\u017c. Marek Sutkowski\n<br> dr in\u017c. Robert Ulfig  \n<br> dr in\u017c. Mariusz W\u0105drzyk\n<br> dr in\u017c. Piotr Wojtas\n<br> dr Zbigniew Jelonek\n<br> dr Przemys\u0142aw Jura\n<br> mgr in\u017c. Andrzej Habry\u0144\n<br> mgr in\u017c. Bogus\u0142aw Regulski  \n<br> mgr in\u017c. Krzysztof Setlak\n<br> mgr in\u017c. Ryszard Soba\u0144ski\n<br> mgr in\u017c. Grzegorz Wi\u015bniewski \n<br> mgr in\u017c. Tomasz Wo\u017anica\n<br> mgr Micha\u0142 Chrobak\n<br> mgr Adam Gajewski\n<br> mgr Pawe\u0142 Modzelewski\n<br> mgr Katarzyna Wolny - Tomczyk\n\n\n\n\n\n\n\n\n<\/span><\/h2>\t\t\t<\/div>\r\n\t\t<\/div>\r\n\t\t\t\t<\/div>\n\t\t\t\t<\/div>\n\t\t\t\t\t<\/div>\n\t\t<\/div>\n\t\t\t\t\t\t\t<\/div>\n\t\t<\/section>\n\t\t\t\t\t\t\t<\/div>\n\t\t","protected":false},"excerpt":{"rendered":"<p>Prelegenci Zaproszeni prelegenci: prof. dr hab. Iwona Jelonek prof. dr hab. Monika Motak prof. dr hab. Marcin Sajdak prof. dr hab. Adam Smolinski prof. dr hab. Marcin Sosnowski prof. dr&hellip;<\/p>\n","protected":false},"author":1,"featured_media":0,"parent":0,"menu_order":0,"comment_status":"closed","ping_status":"closed","template":"page-fullwidth.php","meta":{"footnotes":""},"_links":{"self":[{"href":"https:\/\/forumpaliwalternatywnych.pl\/edycja2023\/wp-json\/wp\/v2\/pages\/422"}],"collection":[{"href":"https:\/\/forumpaliwalternatywnych.pl\/edycja2023\/wp-json\/wp\/v2\/pages"}],"about":[{"href":"https:\/\/forumpaliwalternatywnych.pl\/edycja2023\/wp-json\/wp\/v2\/types\/page"}],"author":[{"embeddable":true,"href":"https:\/\/forumpaliwalternatywnych.pl\/edycja2023\/wp-json\/wp\/v2\/users\/1"}],"replies":[{"embeddable":true,"href":"https:\/\/forumpaliwalternatywnych.pl\/edycja2023\/wp-json\/wp\/v2\/comments?post=422"}],"version-history":[{"count":85,"href":"https:\/\/forumpaliwalternatywnych.pl\/edycja2023\/wp-json\/wp\/v2\/pages\/422\/revisions"}],"predecessor-version":[{"id":1158,"href":"https:\/\/forumpaliwalternatywnych.pl\/edycja2023\/wp-json\/wp\/v2\/pages\/422\/revisions\/1158"}],"wp:attachment":[{"href":"https:\/\/forumpaliwalternatywnych.pl\/edycja2023\/wp-json\/wp\/v2\/media?parent=422"}],"curies":[{"name":"wp","href":"https:\/\/api.w.org\/{rel}","templated":true}]}}