{"id":493,"date":"2023-01-24T22:14:12","date_gmt":"2023-01-24T22:14:12","guid":{"rendered":"https:\/\/forumpaliwalternatywnych.pl\/?page_id=493"},"modified":"2023-01-27T00:05:41","modified_gmt":"2023-01-27T00:05:41","slug":"kontakt","status":"publish","type":"page","link":"https:\/\/forumpaliwalternatywnych.pl\/edycja2023\/kontakt\/","title":{"rendered":"Kontakt"},"content":{"rendered":"\t\t<div data-elementor-type=\"wp-page\" data-elementor-id=\"493\" class=\"elementor elementor-493\" data-elementor-post-type=\"page\">\n\t\t\t\t\t\t\t\t\t<section class=\"penci-section penci-dmcheck penci-elbg-activate penci-elbg-img penci-disSticky penci-structure-22 elementor-section elementor-top-section elementor-element elementor-element-24e843a elementor-section-content-middle elementor-section-boxed elementor-section-height-default elementor-section-height-default\" data-id=\"24e843a\" data-element_type=\"section\" data-settings=\"{&quot;background_background&quot;:&quot;classic&quot;}\">\n\t\t\t\t\t\t<div class=\"elementor-container elementor-column-gap-extended\">\n\t\t\t\t\t<div class=\"penci-ercol-66 penci-ercol-order-1 penci-sticky-ct    elementor-column elementor-col-66 elementor-top-column elementor-element elementor-element-c834ba2\" data-id=\"c834ba2\" data-element_type=\"column\">\n\t\t\t<div class=\"elementor-widget-wrap elementor-element-populated\">\n\t\t\t\t\t\t\t\t<div class=\"elementor-element elementor-element-83d0bad elementor-widget elementor-widget-penci-fancy_heading\" data-id=\"83d0bad\" data-element_type=\"widget\" data-widget_type=\"penci-fancy_heading.default\">\n\t\t\t\t<div class=\"elementor-widget-container\">\n\t\t\t\t\t<div class=\"penci-fancy-heading penci-heading-text-left\">\r\n\t\t\t<div class=\"penci-fancy-heading-inner\">\r\n\t\t\t\t<h2 class=\"penci-heading-title\"><span class=\"inner-tit\">Kontakt<\/span><\/h2>\t\t\t<\/div>\r\n\t\t<\/div>\r\n\t\t\t\t<\/div>\n\t\t\t\t<\/div>\n\t\t\t\t\t<\/div>\n\t\t<\/div>\n\t\t\t\t<div class=\"penci-ercol-33 penci-ercol-order-2 penci-sticky-sb penci-sidebarSC   elementor-column elementor-col-33 elementor-top-column elementor-element elementor-element-ea1b3f4 elementor-hidden-desktop elementor-hidden-tablet elementor-hidden-mobile\" data-id=\"ea1b3f4\" data-element_type=\"column\">\n\t\t\t<div class=\"elementor-widget-wrap\">\n\t\t\t\t\t\t\t\t\t<\/div>\n\t\t<\/div>\n\t\t\t\t\t\t\t<\/div>\n\t\t<\/section>\n\t\t\t\t<section class=\"penci-section penci-dmcheck penci-elbg-activate penci-disSticky penci-structure-30 elementor-section elementor-top-section elementor-element elementor-element-f7f7517 elementor-section-content-middle elementor-section-boxed elementor-section-height-default elementor-section-height-default\" data-id=\"f7f7517\" data-element_type=\"section\" data-settings=\"{&quot;background_background&quot;:&quot;classic&quot;}\">\n\t\t\t\t\t\t<div class=\"elementor-container elementor-column-gap-extended\">\n\t\t\t\t\t<div class=\"penci-ercol-33 penci-ercol-order-1 penci-sticky-sb penci-sidebarSC   elementor-column elementor-col-33 elementor-top-column elementor-element elementor-element-9ac287a\" data-id=\"9ac287a\" data-element_type=\"column\">\n\t\t\t<div class=\"elementor-widget-wrap elementor-element-populated\">\n\t\t\t\t\t\t\t\t<div class=\"elementor-element elementor-element-2627e89 elementor-widget elementor-widget-penci-info-box\" data-id=\"2627e89\" data-element_type=\"widget\" data-widget_type=\"penci-info-box.default\">\n\t\t\t\t<div class=\"elementor-widget-container\">\n\t\t\t        <div id=\"penci_info_box_93645\" class=\"penci-block-vc penci-info-box penci-ibox-float-left penci-view-default penci-shape-circle\">\r\n            <div class=\"penci-ibox-inner\">\r\n\t\t\t\t\t\t\t\t<div class=\"penci-ibox-icon penci-ibox-icon--icon penci-icon penci-tibox-icon\"><a class=\"penci-ibox-icon-fa-fix\" href=\"https:\/\/goo.gl\/maps\/S58GHywGsQ8j5WQx6\"><\/a><a class=\"penci-ibox-icon-fa\" href=\"https:\/\/goo.gl\/maps\/S58GHywGsQ8j5WQx6\"><i class=\"penci-ibox-icon--i fa fa-map-pin\" aria-hidden=\"true\"><\/i><\/a><\/div>                <div class=\"penci-ibox-content-wrap\">\r\n\t\t\t\t\t\t\t\t\t\t<h3\r\n                            class=\"penci-ibox-title\">Lokalizacja biura<\/h3>\t\t\t\t\t\t\t\t\t\t                        <div class=\"penci-ibox-content\"><p><a href=\"https:\/\/goo.gl\/maps\/S58GHywGsQ8j5WQx6\">ul. Marcina Szeligiewicza 1,<br \/> 40-074 Katowice<\/a><\/p>\n<\/div>\t\t\t\t\t                <\/div>\r\n            <\/div>\r\n        <\/div>\r\n\t\t\t\t<\/div>\n\t\t\t\t<\/div>\n\t\t\t\t\t<\/div>\n\t\t<\/div>\n\t\t\t\t<div class=\"penci-ercol-33 penci-ercol-order-2 penci-sticky-sb penci-sidebarSC   elementor-column elementor-col-33 elementor-top-column elementor-element elementor-element-4ea79de\" data-id=\"4ea79de\" data-element_type=\"column\">\n\t\t\t<div class=\"elementor-widget-wrap elementor-element-populated\">\n\t\t\t\t\t\t\t\t<div class=\"elementor-element elementor-element-2da71e8 elementor-widget elementor-widget-penci-info-box\" data-id=\"2da71e8\" data-element_type=\"widget\" data-widget_type=\"penci-info-box.default\">\n\t\t\t\t<div class=\"elementor-widget-container\">\n\t\t\t        <div id=\"penci_info_box_33498\" class=\"penci-block-vc penci-info-box penci-ibox-float-left penci-view-default penci-shape-circle\">\r\n            <div class=\"penci-ibox-inner\">\r\n\t\t\t\t\t\t\t\t<div class=\"penci-ibox-icon penci-ibox-icon--icon penci-icon penci-tibox-icon\"><a class=\"penci-ibox-icon-fa-fix\" href=\"mailto:biuro@forumpaliwalternatywnych.pl \"><\/a><a class=\"penci-ibox-icon-fa\" href=\"mailto:biuro@forumpaliwalternatywnych.pl \"><i class=\"penci-ibox-icon--i fa fa-envelope\" aria-hidden=\"true\"><\/i><\/a><\/div>                <div class=\"penci-ibox-content-wrap\">\r\n\t\t\t\t\t\t\t\t\t\t<h3\r\n                            class=\"penci-ibox-title\">Adres e-mail<\/h3>\t\t\t\t\t\t\t\t\t\t                        <div class=\"penci-ibox-content\"><p><a href=\" mailto:biuro@forumpaliwalternatywnych.pl \">biuro@forumpaliwalternatywnych.pl<\/a><\/p>\n<\/div>\t\t\t\t\t                <\/div>\r\n            <\/div>\r\n        <\/div>\r\n\t\t\t\t<\/div>\n\t\t\t\t<\/div>\n\t\t\t\t\t<\/div>\n\t\t<\/div>\n\t\t\t\t<div class=\"penci-ercol-33 penci-ercol-order-3 penci-sticky-sb penci-sidebarSC   elementor-column elementor-col-33 elementor-top-column elementor-element elementor-element-c1abdb4\" data-id=\"c1abdb4\" data-element_type=\"column\">\n\t\t\t<div class=\"elementor-widget-wrap elementor-element-populated\">\n\t\t\t\t\t\t\t\t<div class=\"elementor-element elementor-element-844500d elementor-widget elementor-widget-penci-info-box\" data-id=\"844500d\" data-element_type=\"widget\" data-widget_type=\"penci-info-box.default\">\n\t\t\t\t<div class=\"elementor-widget-container\">\n\t\t\t        <div id=\"penci_info_box_90800\" class=\"penci-block-vc penci-info-box penci-ibox-float-left penci-view-default penci-shape-circle\">\r\n            <div class=\"penci-ibox-inner\">\r\n\t\t\t\t\t\t\t\t<div class=\"penci-ibox-icon penci-ibox-icon--icon penci-icon penci-tibox-icon\"><a class=\"penci-ibox-icon-fa-fix\" href=\"tel:+48882486495\"><\/a><a class=\"penci-ibox-icon-fa\" href=\"tel:+48882486495\"><i class=\"penci-ibox-icon--i fa fa-mobile-phone\" aria-hidden=\"true\"><\/i><\/a><\/div>                <div class=\"penci-ibox-content-wrap\">\r\n\t\t\t\t\t\t\t\t\t\t<h3\r\n                            class=\"penci-ibox-title\">Numer telefonu<\/h3>\t\t\t\t\t\t\t\t\t\t                        <div class=\"penci-ibox-content\"><p><a href=\"tel:+48882486495\">+48 882 486 495<\/a><\/p>\n<\/div>\t\t\t\t\t                <\/div>\r\n            <\/div>\r\n        <\/div>\r\n\t\t\t\t<\/div>\n\t\t\t\t<\/div>\n\t\t\t\t\t<\/div>\n\t\t<\/div>\n\t\t\t\t\t\t\t<\/div>\n\t\t<\/section>\n\t\t\t\t<section class=\"penci-section penci-disSticky penci-structure-20 elementor-section elementor-top-section elementor-element elementor-element-bad1fda elementor-section-content-middle elementor-section-boxed elementor-section-height-default elementor-section-height-default\" data-id=\"bad1fda\" data-element_type=\"section\">\n\t\t\t\t\t\t<div class=\"elementor-container elementor-column-gap-wider\">\n\t\t\t\t\t<div class=\"penci-ercol-50 penci-ercol-order-1 penci-sticky-ct    elementor-column elementor-col-50 elementor-top-column elementor-element elementor-element-0b2cf92\" data-id=\"0b2cf92\" data-element_type=\"column\">\n\t\t\t<div class=\"elementor-widget-wrap elementor-element-populated\">\n\t\t\t\t\t\t\t\t<div class=\"elementor-element elementor-element-f170ba5 elementor-widget elementor-widget-image\" data-id=\"f170ba5\" data-element_type=\"widget\" data-widget_type=\"image.default\">\n\t\t\t\t<div class=\"elementor-widget-container\">\n\t\t\t<style>\/*! elementor - v3.18.0 - 20-12-2023 *\/\n.elementor-widget-image{text-align:center}.elementor-widget-image a{display:inline-block}.elementor-widget-image a img[src$=\".svg\"]{width:48px}.elementor-widget-image img{vertical-align:middle;display:inline-block}<\/style>\t\t\t\t\t\t\t\t\t\t\t\t<img fetchpriority=\"high\" decoding=\"async\" width=\"640\" height=\"480\" src=\"https:\/\/forumpaliwalternatywnych.pl\/edycja2023\/wp-content\/uploads\/2023\/01\/kate-macate-xmddEHyCisc-unsplash.jpg\" class=\"attachment-large size-large wp-image-547\" alt=\"\" srcset=\"https:\/\/forumpaliwalternatywnych.pl\/edycja2023\/wp-content\/uploads\/2023\/01\/kate-macate-xmddEHyCisc-unsplash.jpg 640w, https:\/\/forumpaliwalternatywnych.pl\/edycja2023\/wp-content\/uploads\/2023\/01\/kate-macate-xmddEHyCisc-unsplash-300x225.jpg 300w, https:\/\/forumpaliwalternatywnych.pl\/edycja2023\/wp-content\/uploads\/2023\/01\/kate-macate-xmddEHyCisc-unsplash-585x439.jpg 585w\" sizes=\"(max-width: 640px) 100vw, 640px\" \/>\t\t\t\t\t\t\t\t\t\t\t\t\t\t\t<\/div>\n\t\t\t\t<\/div>\n\t\t\t\t\t<\/div>\n\t\t<\/div>\n\t\t\t\t<div class=\"penci-ercol-50 penci-ercol-order-2 penci-sticky-ct    elementor-column elementor-col-50 elementor-top-column elementor-element elementor-element-2dff0c7\" data-id=\"2dff0c7\" data-element_type=\"column\">\n\t\t\t<div class=\"elementor-widget-wrap elementor-element-populated\">\n\t\t\t\t\t\t\t\t<div class=\"elementor-element elementor-element-f71122d elementor-widget elementor-widget-penci-fancy_heading\" data-id=\"f71122d\" data-element_type=\"widget\" data-widget_type=\"penci-fancy_heading.default\">\n\t\t\t\t<div class=\"elementor-widget-container\">\n\t\t\t\t\t<div class=\"penci-fancy-heading penci-heading-text-left\">\r\n\t\t\t<div class=\"penci-fancy-heading-inner\">\r\n\t\t\t\t<h2 class=\"penci-heading-title\"><span class=\"inner-tit\">Wy\u015blij Nam Wiadomo\u015b\u0107<\/span><\/h2>\t\t\t<\/div>\r\n\t\t<\/div>\r\n\t\t\t\t<\/div>\n\t\t\t\t<\/div>\n\t\t\t\t<div class=\"elementor-element elementor-element-fd58317 elementor-widget elementor-widget-shortcode\" data-id=\"fd58317\" data-element_type=\"widget\" data-widget_type=\"shortcode.default\">\n\t\t\t\t<div class=\"elementor-widget-container\">\n\t\t\t\t\t<div class=\"elementor-shortcode\"><div class=\"wpforms-container wpforms-container-full\" id=\"wpforms-489\"><form id=\"wpforms-form-489\" class=\"wpforms-validate wpforms-form wpforms-ajax-form\" data-formid=\"489\" method=\"post\" enctype=\"multipart\/form-data\" action=\"\/edycja2023\/wp-json\/wp\/v2\/pages\/493\" data-token=\"a962d10664a01de50aeefbe10d917e72\"><noscript class=\"wpforms-error-noscript\">Aby wype\u0142ni\u0107 ten formularz, w\u0142\u0105cz obs\u0142ug\u0119 JavaScript w przegl\u0105darce.<\/noscript><div class=\"wpforms-field-container\"><div id=\"wpforms-489-field_0-container\" class=\"wpforms-field wpforms-field-name\" data-field-id=\"0\"><label class=\"wpforms-field-label\" for=\"wpforms-489-field_0\">Imie i Nazwisko <span class=\"wpforms-required-label\">*<\/span><\/label><div class=\"wpforms-field-row wpforms-field-medium\"><div class=\"wpforms-field-row-block wpforms-first wpforms-one-half\"><input type=\"text\" id=\"wpforms-489-field_0\" class=\"wpforms-field-name-first wpforms-field-required\" name=\"wpforms[fields][0][first]\" placeholder=\"Imie\" required><label for=\"wpforms-489-field_0\" class=\"wpforms-field-sublabel after wpforms-sublabel-hide\">Imi\u0119<\/label><\/div><div class=\"wpforms-field-row-block wpforms-one-half\"><input type=\"text\" id=\"wpforms-489-field_0-last\" class=\"wpforms-field-name-last wpforms-field-required\" name=\"wpforms[fields][0][last]\" placeholder=\"Nazwisko\" required><label for=\"wpforms-489-field_0-last\" class=\"wpforms-field-sublabel after wpforms-sublabel-hide\">Nazwisko<\/label><\/div><\/div><\/div><div id=\"wpforms-489-field_1-container\" class=\"wpforms-field wpforms-field-email\" data-field-id=\"1\"><label class=\"wpforms-field-label\" for=\"wpforms-489-field_1\">Email <span class=\"wpforms-required-label\">*<\/span><\/label><input type=\"email\" id=\"wpforms-489-field_1\" class=\"wpforms-field-medium wpforms-field-required\" name=\"wpforms[fields][1]\" placeholder=\"Tw\u00f3j adres e-mail\" required><\/div><div id=\"wpforms-489-field_3-container\" class=\"wpforms-field wpforms-field-phone\" data-field-id=\"3\"><label class=\"wpforms-field-label\" for=\"wpforms-489-field_3\">Telefon<\/label><input type=\"tel\" id=\"wpforms-489-field_3\" class=\"wpforms-field-medium wpforms-smart-phone-field\" data-rule-smart-phone-field=\"true\" name=\"wpforms[fields][3]\" ><\/div><div id=\"wpforms-489-field_2-container\" class=\"wpforms-field wpforms-field-textarea\" data-field-id=\"2\"><label class=\"wpforms-field-label\" for=\"wpforms-489-field_2\">Komentarz \/ Wiadomo\u015b\u0107 <span class=\"wpforms-required-label\">*<\/span><\/label><textarea id=\"wpforms-489-field_2\" class=\"wpforms-field-medium wpforms-field-required\" name=\"wpforms[fields][2]\" required><\/textarea><\/div><\/div><div class=\"wpforms-submit-container\"><input type=\"hidden\" name=\"wpforms[id]\" value=\"489\"><input type=\"hidden\" name=\"wpforms[author]\" value=\"1\"><button type=\"submit\" name=\"wpforms[submit]\" id=\"wpforms-submit-489\" class=\"wpforms-submit\" data-alt-text=\"Wysy\u0142am...\" data-submit-text=\"Wy\u015blij\" aria-live=\"assertive\" value=\"wpforms-submit\">Wy\u015blij<\/button><img decoding=\"async\" src=\"https:\/\/forumpaliwalternatywnych.pl\/edycja2023\/wp-content\/plugins\/wpforms\/assets\/images\/submit-spin.svg\" class=\"wpforms-submit-spinner\" style=\"display: none;\" width=\"26\" height=\"26\" alt=\"Wczytywanie\"><\/div><\/form><\/div>  <!-- .wpforms-container --><\/div>\n\t\t\t\t<\/div>\n\t\t\t\t<\/div>\n\t\t\t\t\t<\/div>\n\t\t<\/div>\n\t\t\t\t\t\t\t<\/div>\n\t\t<\/section>\n\t\t\t\t<section class=\"penci-section penci-disSticky penci-structure-10 elementor-section elementor-top-section elementor-element elementor-element-ffd53f4 elementor-section-full_width elementor-section-height-default elementor-section-height-default\" data-id=\"ffd53f4\" data-element_type=\"section\">\n\t\t\t\t\t\t<div class=\"elementor-container elementor-column-gap-no\">\n\t\t\t\t\t<div class=\"penci-ercol-100 penci-ercol-order-1 penci-sticky-ct    elementor-column elementor-col-100 elementor-top-column elementor-element elementor-element-6dc28c9\" data-id=\"6dc28c9\" data-element_type=\"column\">\n\t\t\t<div class=\"elementor-widget-wrap elementor-element-populated\">\n\t\t\t\t\t\t\t\t<div class=\"elementor-element elementor-element-507415d elementor-widget elementor-widget-penci-map\" data-id=\"507415d\" data-element_type=\"widget\" data-widget_type=\"penci-map.default\">\n\t\t\t\t<div class=\"elementor-widget-container\">\n\t\t\t<div style=\"width:100%;height:500px\" id=\"penci_map_92239\" class=\"penci-block-vc penci-google-map\" data-map_options=\"{&quot;penci_block_width&quot;:&quot;3&quot;,&quot;shortcode_id&quot;:&quot;map&quot;,&quot;map_using&quot;:&quot;coordinates&quot;,&quot;address&quot;:&quot;&quot;,&quot;latitude&quot;:&quot;50.25038046847968&quot;,&quot;longtitude&quot;:&quot;19.013957140503972&quot;,&quot;map_type&quot;:&quot;road&quot;,&quot;map_width&quot;:{&quot;unit&quot;:&quot;px&quot;,&quot;size&quot;:&quot;&quot;,&quot;sizes&quot;:[]},&quot;map_height&quot;:&quot;&quot;,&quot;marker_img&quot;:&quot;&quot;,&quot;marker_title&quot;:&quot;&quot;,&quot;info_window&quot;:&quot;&quot;,&quot;map_is_zoom&quot;:&quot;yes&quot;,&quot;map_pan&quot;:&quot;&quot;,&quot;map_scale&quot;:&quot;&quot;,&quot;map_street_view&quot;:&quot;yes&quot;,&quot;map_rotate&quot;:&quot;&quot;,&quot;map_overview&quot;:&quot;&quot;,&quot;map_scrollwheel&quot;:&quot;yes&quot;,&quot;map_zoom&quot;:9,&quot;come_from&quot;:&quot;vc&quot;}\"><\/div>\t\t<\/div>\n\t\t\t\t<\/div>\n\t\t\t\t\t<\/div>\n\t\t<\/div>\n\t\t\t\t\t\t\t<\/div>\n\t\t<\/section>\n\t\t\t\t\t\t\t<\/div>\n\t\t","protected":false},"excerpt":{"rendered":"<p>Kontakt Lokalizacja biura ul. Marcina Szeligiewicza 1, 40-074 Katowice Adres e-mail biuro@forumpaliwalternatywnych.pl Numer telefonu +48 882 486 495 Wy\u015blij Nam Wiadomo\u015b\u0107<\/p>\n","protected":false},"author":1,"featured_media":0,"parent":0,"menu_order":0,"comment_status":"closed","ping_status":"closed","template":"page-fullwidth.php","meta":{"footnotes":""},"_links":{"self":[{"href":"https:\/\/forumpaliwalternatywnych.pl\/edycja2023\/wp-json\/wp\/v2\/pages\/493"}],"collection":[{"href":"https:\/\/forumpaliwalternatywnych.pl\/edycja2023\/wp-json\/wp\/v2\/pages"}],"about":[{"href":"https:\/\/forumpaliwalternatywnych.pl\/edycja2023\/wp-json\/wp\/v2\/types\/page"}],"author":[{"embeddable":true,"href":"https:\/\/forumpaliwalternatywnych.pl\/edycja2023\/wp-json\/wp\/v2\/users\/1"}],"replies":[{"embeddable":true,"href":"https:\/\/forumpaliwalternatywnych.pl\/edycja2023\/wp-json\/wp\/v2\/comments?post=493"}],"version-history":[{"count":46,"href":"https:\/\/forumpaliwalternatywnych.pl\/edycja2023\/wp-json\/wp\/v2\/pages\/493\/revisions"}],"predecessor-version":[{"id":713,"href":"https:\/\/forumpaliwalternatywnych.pl\/edycja2023\/wp-json\/wp\/v2\/pages\/493\/revisions\/713"}],"wp:attachment":[{"href":"https:\/\/forumpaliwalternatywnych.pl\/edycja2023\/wp-json\/wp\/v2\/media?parent=493"}],"curies":[{"name":"wp","href":"https:\/\/api.w.org\/{rel}","templated":true}]}}