{"id":556,"date":"2023-01-25T23:42:06","date_gmt":"2023-01-25T23:42:06","guid":{"rendered":"https:\/\/forumpaliwalternatywnych.pl\/?page_id=556"},"modified":"2023-01-30T10:03:09","modified_gmt":"2023-01-30T10:03:09","slug":"regulamin","status":"publish","type":"page","link":"https:\/\/forumpaliwalternatywnych.pl\/edycja2023\/regulamin\/","title":{"rendered":"Regulamin"},"content":{"rendered":"\t\t<div data-elementor-type=\"wp-page\" data-elementor-id=\"556\" class=\"elementor elementor-556\" data-elementor-post-type=\"page\">\n\t\t\t\t\t\t\t\t\t<section class=\"penci-section penci-dmcheck penci-elbg-activate penci-elbg-img penci-disSticky penci-structure-22 elementor-section elementor-top-section elementor-element elementor-element-a7e846f elementor-section-content-middle elementor-section-boxed elementor-section-height-default elementor-section-height-default\" data-id=\"a7e846f\" data-element_type=\"section\" data-settings=\"{&quot;background_background&quot;:&quot;classic&quot;}\">\n\t\t\t\t\t\t<div class=\"elementor-container elementor-column-gap-extended\">\n\t\t\t\t\t<div class=\"penci-ercol-66 penci-ercol-order-1 penci-sticky-ct    elementor-column elementor-col-66 elementor-top-column elementor-element elementor-element-087f445\" data-id=\"087f445\" data-element_type=\"column\">\n\t\t\t<div class=\"elementor-widget-wrap elementor-element-populated\">\n\t\t\t\t\t\t\t\t<div class=\"elementor-element elementor-element-7a2a7ba elementor-widget elementor-widget-penci-fancy_heading\" data-id=\"7a2a7ba\" data-element_type=\"widget\" data-widget_type=\"penci-fancy_heading.default\">\n\t\t\t\t<div class=\"elementor-widget-container\">\n\t\t\t\t\t<div class=\"penci-fancy-heading penci-heading-text-left\">\r\n\t\t\t<div class=\"penci-fancy-heading-inner\">\r\n\t\t\t\t<h2 class=\"penci-heading-title\"><span class=\"inner-tit\">Regulamin<\/span><\/h2>\t\t\t<\/div>\r\n\t\t<\/div>\r\n\t\t\t\t<\/div>\n\t\t\t\t<\/div>\n\t\t\t\t\t<\/div>\n\t\t<\/div>\n\t\t\t\t<div class=\"penci-ercol-33 penci-ercol-order-2 penci-sticky-sb penci-sidebarSC   elementor-column elementor-col-33 elementor-top-column elementor-element elementor-element-e8bc493 elementor-hidden-desktop elementor-hidden-tablet elementor-hidden-mobile\" data-id=\"e8bc493\" data-element_type=\"column\">\n\t\t\t<div class=\"elementor-widget-wrap\">\n\t\t\t\t\t\t\t\t\t<\/div>\n\t\t<\/div>\n\t\t\t\t\t\t\t<\/div>\n\t\t<\/section>\n\t\t\t\t<section class=\"penci-section penci-dmcheck penci-elbg-activate penci-disSticky penci-structure-22 elementor-section elementor-top-section elementor-element elementor-element-bdf743a elementor-section-content-middle elementor-section-boxed elementor-section-height-default elementor-section-height-default\" data-id=\"bdf743a\" data-element_type=\"section\" data-settings=\"{&quot;background_background&quot;:&quot;classic&quot;}\">\n\t\t\t\t\t\t<div class=\"elementor-container elementor-column-gap-extended\">\n\t\t\t\t\t<div class=\"penci-ercol-66 penci-ercol-order-1 penci-sticky-ct    elementor-column elementor-col-66 elementor-top-column elementor-element elementor-element-c957ae4\" data-id=\"c957ae4\" data-element_type=\"column\">\n\t\t\t<div class=\"elementor-widget-wrap elementor-element-populated\">\n\t\t\t\t\t\t\t\t<div class=\"elementor-element elementor-element-e739d2c elementor-widget elementor-widget-penci-fancy_heading\" data-id=\"e739d2c\" data-element_type=\"widget\" data-widget_type=\"penci-fancy_heading.default\">\n\t\t\t\t<div class=\"elementor-widget-container\">\n\t\t\t\t\t<div class=\"penci-fancy-heading penci-heading-text-left\">\r\n\t\t\t<div class=\"penci-fancy-heading-inner\">\r\n\t\t\t\t<h2 class=\"penci-heading-title\"><span class=\"inner-tit\">Regulamin Konferencji IV Forum Paliw Alternatywnych<\/span><\/h2>\t\t\t<\/div>\r\n\t\t<\/div>\r\n\t\t\t\t<\/div>\n\t\t\t\t<\/div>\n\t\t\t\t\t<\/div>\n\t\t<\/div>\n\t\t\t\t<div class=\"penci-ercol-33 penci-ercol-order-2 penci-sticky-sb penci-sidebarSC   elementor-column elementor-col-33 elementor-top-column elementor-element elementor-element-1ae07d9 elementor-hidden-desktop elementor-hidden-tablet elementor-hidden-mobile\" data-id=\"1ae07d9\" data-element_type=\"column\">\n\t\t\t<div class=\"elementor-widget-wrap\">\n\t\t\t\t\t\t\t\t\t<\/div>\n\t\t<\/div>\n\t\t\t\t\t\t\t<\/div>\n\t\t<\/section>\n\t\t\t\t<section class=\"penci-section penci-disSticky penci-structure-10 elementor-section elementor-top-section elementor-element elementor-element-b97a1f9 elementor-section-content-middle elementor-section-boxed elementor-section-height-default elementor-section-height-default\" data-id=\"b97a1f9\" data-element_type=\"section\">\n\t\t\t\t\t\t<div class=\"elementor-container elementor-column-gap-wider\">\n\t\t\t\t\t<div class=\"penci-ercol-100 penci-ercol-order-1 penci-sticky-ct    elementor-column elementor-col-100 elementor-top-column elementor-element elementor-element-8c14c8a\" data-id=\"8c14c8a\" data-element_type=\"column\">\n\t\t\t<div class=\"elementor-widget-wrap elementor-element-populated\">\n\t\t\t\t\t\t\t\t<div class=\"elementor-element elementor-element-591b2a1 elementor-widget elementor-widget-penci-text-block\" data-id=\"591b2a1\" data-element_type=\"widget\" data-widget_type=\"penci-text-block.default\">\n\t\t\t\t<div class=\"elementor-widget-container\">\n\t\t\t\t\t<div class=\"penci-block-vc penci-text-editor\">\r\n\t\t\t\t\t\t<div class=\"penci-block_content\">\r\n\t\t\t\t<div class=\"elementor-text-editor elementor-clearfix\"><p><strong>I. POSTANOWIENIA OG\u00d3LNE <\/strong><\/p>\n<ul>\n<li>1. Organizatorem Konferencji, kt\u00f3ra odb\u0119dzie si\u0119 w 15-17 marca 2023 roku<br>w auli Politechniki Cz\u0119stochowskiej oraz on-line, jest Fundacja Instytut Nauk Ekonomicznych i Spo\u0142ecznych we wsp\u00f3\u0142pracy Politechnik\u0105 Cz\u0119stochowsk\u0105. Konferencja jest finansowana ze \u015brodk\u00f3w Ministerstwa Edukacji i Nauki.<\/li>\n<\/ul>\n<ul>\n<li>2. Konferencja jest obj\u0119ta&nbsp;patronatem i realizowana w partnerstwie z szeregiem instytucji wymienionych na stronie internetowej konferencji.<\/li>\n<\/ul>\n<ul>\n<li>3. Ka\u017cdy Uczestnik oraz Prelegent ma obowi\u0105zek zapoznania si\u0119 z niniejszym Regulaminem, zaakceptowania i przestrzegania go.<\/li>\n<\/ul>\n<ul>\n<li>4. Regulamin obowi\u0105zuje od dnia 1 listopada 2022 roku do 17 marca 2023. Wszelkich informacji dotycz\u0105cych organizacji Konferencji nale\u017cy szuka\u0107 na stronie: <a href=\"https:\/\/forumpaliwalternatywnych.pl\/\">https:\/\/forumpaliwalternatywnych.pl\/<\/a><\/li>\n<\/ul>\n<p><strong>II. REJESTRACJA <\/strong><\/p>\n<ul>\n<li>1. Warunkiem uczestnictwa w Konferencji jest rejestracja za po\u015brednictwem formularza online znajduj\u0105cego si\u0119 na stronie internetowej wydarzenia.<\/li>\n<\/ul>\n<ul>\n<li>2. Udzia\u0142 w Konferencji jest bezp\u0142atny.<\/li>\n<\/ul>\n<p><strong>&nbsp;<\/strong><\/p>\n<p><strong>III. UCZESTNICTWO W KONFERENCJI <\/strong><\/p>\n<ul>\n<li>1. Udzia\u0142 w Konferencji b\u0119dzie mo\u017cliwy stacjonarnie oraz za po\u015brednictwem \u015brodk\u00f3w komunikacji elektronicznej, co wymaga dysponowania przez Uczestnika systemem teleinformatycznym spe\u0142niaj\u0105cym nast\u0119puj\u0105ce wymagania techniczne: dost\u0119p do Internetu i urz\u0105dzenie ko\u0144cowe, zastosowanie oprogramowania umo\u017cliwiaj\u0105cego odczytywanie plik\u00f3w w r\u00f3\u017cnych formatach (m.in. graficznych, d\u017awi\u0119kowych, multimedialnych, tekstowych, wideo itp.).<\/li>\n<\/ul>\n<ul>\n<li>2. Przebieg Konferencji online przy wykorzystaniu \u015brodk\u00f3w komunikacji elektronicznej obejmuje w szczeg\u00f3lno\u015bci: transmisj\u0119 przebiegu Konferencji online w czasie rzeczywistym, dwustronn\u0105 komunikacj\u0119 w czasie rzeczywistym, w ramach kt\u00f3rej Uczestnicy za pomoc\u0105 moderowanego czatu mog\u0105 zadawa\u0107 pytania, przesy\u0142anie materia\u0142\u00f3w Konferencyjnych i za\u015bwiadcze\u0144 o udziale w Konferencji za pomoc\u0105 poczty elektronicznej w formie pdf do Uczestnik\u00f3w.<\/li>\n<\/ul>\n<ul>\n<li>3. Organizator nie ponosi odpowiedzialno\u015bci za: problemy telekomunikacyjne wywo\u0142ane dzia\u0142aniami lub zaniechaniami os\u00f3b trzecich, wadliwe dzia\u0142anie wykorzystywanego przez uczestnika Konferencji oprogramowania firm trzecich, w tym dzia\u0142anie wirus\u00f3w komputerowych; niew\u0142a\u015bciw\u0105 konfiguracj\u0119 sprz\u0119tu wykorzystywanego przez Uczestnika w celu wzi\u0119cia udzia\u0142u w konferencji; wady sprz\u0119tu komputerowego Uczestnika; brak lub przerwy w dost\u0119pie do Internetu po stronie Uczestnika; nieprawid\u0142ow\u0105 obs\u0142ug\u0119 aplikacji przez Uczestnika; inne okoliczno\u015bci uniemo\u017cliwiaj\u0105ce lub utrudniaj\u0105ce uczestnictwo w Konferencji niespowodowane dzia\u0142aniami lub zaniechaniami Organizatora.<\/li>\n<\/ul>\n<ul>\n<li>4. W ramach konferencji b\u0119d\u0105 zbierane i przechowywane dane przez Organizatora zwi\u0105zane z rejestracj\u0105 i uczestnictwem w Konferencji online takie jak: imi\u0119, nazwisko, adres e-mail od Uczestnika, imi\u0119, nazwisko, adres e-mail, tytu\u0142 naukowy, g\u0142os, wizerunek oraz inne dane udost\u0119pnione od Prelegenta. Przetwarzanie Danych osobowych nast\u0119powa\u0107 b\u0119dzie jedynie w celu zgodnym z celami Konferencji na podstawie punktu IV tego Regulaminy, na podstawie i w ramach udzielonej przez uczestnik\u00f3w zgody.<\/li>\n<li>5. Uczestnicy Konferencji online zgadzaj\u0105 si\u0119 na wykorzystanie zebranych danych przez Organizatora, o kt\u00f3rych mowa powy\u017cej w trakcie przebiegu Konferencji online w szczeg\u00f3lno\u015bci udost\u0119pnienia pozosta\u0142ym Uczestnikom imienia i nazwiska podczas moderowanego czatu.<\/li>\n<\/ul>\n<p><strong>&nbsp;<\/strong><\/p>\n<p><strong>IV. OCHRONA DANYCH OSOBOWYCH <\/strong><\/p>\n<ul>\n<li>1. Zgodnie z art. 13 Rozporz\u0105dzenia Parlamentu Europejskiego i Rady (UE) 2016\/679 z 27 kwietnia 2016 r. w sprawie ochrony os\u00f3b fizycznych w zwi\u0105zku z przetwarzaniem danych osobowych i w sprawie swobodnego przep\u0142ywu takich danych oraz uchylenia dyrektywy 95\/46\/WE (og\u00f3lne rozporz\u0105dzenie o ochronie danych \u2013 RODO), informujemy, \u017ce:<\/li>\n<\/ul>\n<ol>\n<li>Administratorem Danych Osobowych jest Fundacja Instytut Nauk Ekonomicznych Spo\u0142ecznych z siedzib\u0105 w Katowicach przy ul. Szeligiewicza 1.<\/li>\n<\/ol>\n<ol start=\"2\">\n<li>Dane osobowe przetwarzane b\u0119d\u0105 na podstawie art. 6 ust. 1 lit. a Rozporz\u0105dzenia, w celu realizacji Konferencji Innowacje w odnawialnych \u017ar\u00f3d\u0142ach energii oraz obs\u0142ugi jej uczestnik\u00f3w.<\/li>\n<li>Odbiorcami danych osobowych s\u0105 Cz\u0142onkowie Zarz\u0105du oraz upowa\u017cnieni Wsp\u00f3\u0142pracownicy Fundacji Instytut Nauk Ekonomicznych. Dane te nie b\u0119d\u0105 udost\u0119pniane podmiotom innym ni\u017c upowa\u017cnionym na podstawie przepis\u00f3w prawa.<\/li>\n<li>Dane osobowe przetwarzane b\u0119d\u0105 w okresie niezb\u0119dnym do zorganizowania konferencji.<\/li>\n<li>Posiadaj\u0105 Pa\u0144stwo prawo dost\u0119pu do tre\u015bci swoich danych, ich sprostowania, usuni\u0119cia lub ograniczenia przetwarzania, a tak\u017ce prawo do wniesienia sprzeciwu wobec przetwarzania oraz prawo do przenoszenia danych.<\/li>\n<li>Posiadaj\u0105 Pa\u0144stwo prawo do cofni\u0119cia zgody na przetwarzanie danych osobowych w dowolnym momencie, bez wp\u0142ywu na zgodno\u015b\u0107 z prawem przetwarzania, kt\u00f3rego dokonano na podstawie zgody przed jej cofni\u0119ciem.<\/li>\n<li>W przypadku stwierdzenia, \u017ce dane osobowe nie s\u0105 przetwarzane zgodnie z wymogami Rozporz\u0105dzenia, posiadaj\u0105 Pa\u0144stwo prawo wniesienia skargi do organu nadzorczego \u2013 Prezesa Urz\u0119du Ochrony Danych Osobowych.<\/li>\n<li>Podanie danych osobowych jest dobrowolne, jednak\u017ce konieczne do wzi\u0119cia udzia\u0142u w konferencji.<\/li>\n<li>Nie podlegaj\u0105 Pa\u0144stwo zautomatyzowanemu podejmowaniu decyzji w tym profilowaniu.<\/li>\n<\/ol>\n<p><strong>&nbsp;<\/strong><\/p>\n<p><strong>V. OCHRONA W\u0141ASNO\u015aCI INTELEKTUALNEJ<\/strong><\/p>\n<ul>\n<li>1. Uczestnicy zobowi\u0105zuj\u0105 si\u0119 do wykorzystywania wszystkich prezentowanych i przes\u0142anych materia\u0142\u00f3w wy\u0142\u0105cznie do u\u017cytku osobistego. Modyfikowanie, kopiowanie, przesy\u0142anie, publiczne odtwarzanie oraz wykorzystywanie tych tre\u015bci do cel\u00f3w komercyjnych jest niedozwolone.<\/li>\n<li>2. Udost\u0119pnienie i przekazanie przez Prelegent\u00f3w prezentacji, artyku\u0142\u00f3w i innych materia\u0142\u00f3w nast\u0119puje nieodp\u0142atnie.<\/li>\n<li>3. Poprzez udost\u0119pnianie materia\u0142\u00f3w Prelegenci wyra\u017caj\u0105 zgod\u0119 na ich wykorzystywanie przez pozosta\u0142ych Prelegent\u00f3w oraz Uczestnik\u00f3w w zakresie ich osobistego u\u017cytku. Organizator zastrzega sobie prawo do redagowania, kopiowania oraz rozpowszechniania tych materia\u0142\u00f3w.<\/li>\n<li>4. Prelegenci i Uczestnicy udzielaj\u0105 Zarz\u0105dowi Fundacji Instytut Nauk Ekonomicznych nieodwo\u0142alnego i nieodp\u0142atnego prawa do wielokrotnego wykorzystywania zdj\u0119\u0107 i film\u00f3w z ich wizerunkiem, wykonanych podczas Konferencji, bez konieczno\u015bci ka\u017cdorazowego ich zatwierdzania. Zgoda obejmuje wykorzystanie, utrwalanie, obr\u00f3bk\u0119, powielanie i rozpowszechnianie wykonanych zdj\u0119\u0107, za po\u015brednictwem dowolnego medium wy\u0142\u0105cznie w celu zgodnym z prowadzon\u0105 dzia\u0142alno\u015bci\u0105.<\/li>\n<li>5. Zabronione jest nagrywanie i wykorzystywanie nagra\u0144 przebiegu konferencji przez Uczestnik\u00f3w bez zgody Organizatora.<\/li>\n<li>6. Organizator zastrzega sobie prawo do odwo\u0142ania konferencji lub wprowadzenia drobnych zmian w jej programie.<\/li>\n<li>7. Zarejestrowanie si\u0119 w charakterze Uczestnika lub Prelegenta konferencji jest r\u00f3wnoznaczne z zaakceptowaniem powy\u017cszego Regulaminu.<\/li>\n<li>8. W przypadku pyta\u0144 lub w\u0105tpliwo\u015bci prosimy o kontakt z Organizatorem.<\/li>\n<\/ul>\n<p><strong>&nbsp;<\/strong><\/p>\n<p><strong>VI. BEZPIECZE\u0143STWO SANITARNE<\/strong><\/p>\n<ul>\n<li>1. Warunkiem uczestnictwa w Konferencji jest z\u0142o\u017cenie przez uczestnika obowi\u0105zkowego pisemnego o\u015bwiadczenia przy wej\u015bciu na wydarzenie lub wcze\u015bniej drog\u0105 online, \u017ce uczestnik, wed\u0142ug swojej najlepszej wiedzy, nie jest osob\u0105 zaka\u017con\u0105 chorob\u0105 zaka\u017an\u0105 oraz nie przebywa na kwarantannie lub pod nadzorem epidemiologicznym.<\/li>\n<li>2. Od uczestnik\u00f3w Konferencji wymaga si\u0119 zastosowania si\u0119 do \u015brodk\u00f3w bezpiecze\u0144stw stosowanych w obiekcie, instrukcji i polece\u0144 obs\u0142ugi w zakresie przestrzegania ww. \u015brodk\u00f3w oraz w razie ewentualnej konieczno\u015bci izolacji.<\/li>\n<li>3. W celu zapewnienia nale\u017cnego bezpiecze\u0144stwa sanitarnego, Organizator deklaruje zorganizowanie punktu sanitarnego zawieraj\u0105cego p\u0142yny dezynfekuj\u0105ce, r\u0119kawiczki jednorazowe oraz maseczki do dobrowolnego u\u017cytku przez uczestnik\u00f3w Konferencji.<\/li>\n<\/ul>\n<p><strong>&nbsp;<\/strong><\/p>\n<p><strong>&nbsp;<\/strong><\/p>\n<p><strong>VII. POSTANOWIENIA KO\u0143COWE<\/strong><\/p>\n<p><strong>&nbsp;<\/strong><\/p>\n<ul>\n<li>1. Organizator zastrzega sobie prawo do odwo\u0142ania Konferencji lub wprowadzenia drobnych zmian w jej programie.<\/li>\n<li>2. Zarejestrowanie si\u0119 w charakterze Uczestnika lub Prelegenta Konferencji jest r\u00f3wnoznaczne z zaakceptowaniem powy\u017cszego Regulaminu.<\/li>\n<li>3. W przypadku pyta\u0144 lub w\u0105tpliwo\u015bci prosimy o kontakt z Organizatorem.<\/li>\n<\/ul><\/div>\r\n\t\t\t<\/div>\r\n\t\t<\/div>\r\n\t\t\t\t<\/div>\n\t\t\t\t<\/div>\n\t\t\t\t\t<\/div>\n\t\t<\/div>\n\t\t\t\t\t\t\t<\/div>\n\t\t<\/section>\n\t\t\t\t\t\t\t<\/div>\n\t\t","protected":false},"excerpt":{"rendered":"<p>Regulamin Regulamin Konferencji IV Forum Paliw Alternatywnych I. POSTANOWIENIA OG\u00d3LNE 1. Organizatorem Konferencji, kt\u00f3ra odb\u0119dzie si\u0119 w 15-17 marca 2023 rokuw auli Politechniki Cz\u0119stochowskiej oraz on-line, jest Fundacja Instytut Nauk&hellip;<\/p>\n","protected":false},"author":1,"featured_media":0,"parent":0,"menu_order":0,"comment_status":"closed","ping_status":"closed","template":"page-fullwidth.php","meta":{"footnotes":""},"_links":{"self":[{"href":"https:\/\/forumpaliwalternatywnych.pl\/edycja2023\/wp-json\/wp\/v2\/pages\/556"}],"collection":[{"href":"https:\/\/forumpaliwalternatywnych.pl\/edycja2023\/wp-json\/wp\/v2\/pages"}],"about":[{"href":"https:\/\/forumpaliwalternatywnych.pl\/edycja2023\/wp-json\/wp\/v2\/types\/page"}],"author":[{"embeddable":true,"href":"https:\/\/forumpaliwalternatywnych.pl\/edycja2023\/wp-json\/wp\/v2\/users\/1"}],"replies":[{"embeddable":true,"href":"https:\/\/forumpaliwalternatywnych.pl\/edycja2023\/wp-json\/wp\/v2\/comments?post=556"}],"version-history":[{"count":25,"href":"https:\/\/forumpaliwalternatywnych.pl\/edycja2023\/wp-json\/wp\/v2\/pages\/556\/revisions"}],"predecessor-version":[{"id":718,"href":"https:\/\/forumpaliwalternatywnych.pl\/edycja2023\/wp-json\/wp\/v2\/pages\/556\/revisions\/718"}],"wp:attachment":[{"href":"https:\/\/forumpaliwalternatywnych.pl\/edycja2023\/wp-json\/wp\/v2\/media?parent=556"}],"curies":[{"name":"wp","href":"https:\/\/api.w.org\/{rel}","templated":true}]}}