{"id":633,"date":"2023-01-26T23:33:01","date_gmt":"2023-01-26T23:33:01","guid":{"rendered":"https:\/\/forumpaliwalternatywnych.pl\/?page_id=633"},"modified":"2024-03-20T23:17:28","modified_gmt":"2024-03-20T22:17:28","slug":"publikacje","status":"publish","type":"page","link":"https:\/\/forumpaliwalternatywnych.pl\/edycja2023\/publikacje\/","title":{"rendered":"Publikacje"},"content":{"rendered":"\t\t<div data-elementor-type=\"wp-page\" data-elementor-id=\"633\" class=\"elementor elementor-633\" data-elementor-post-type=\"page\">\n\t\t\t\t\t\t\t\t\t<section class=\"penci-section penci-dmcheck penci-elbg-activate penci-elbg-img penci-disSticky penci-structure-22 elementor-section elementor-top-section elementor-element elementor-element-a7e846f elementor-section-content-middle elementor-section-boxed elementor-section-height-default elementor-section-height-default\" data-id=\"a7e846f\" data-element_type=\"section\" data-settings=\"{&quot;background_background&quot;:&quot;classic&quot;}\">\n\t\t\t\t\t\t<div class=\"elementor-container elementor-column-gap-extended\">\n\t\t\t\t\t<div class=\"penci-ercol-66 penci-ercol-order-1 penci-sticky-ct    elementor-column elementor-col-66 elementor-top-column elementor-element elementor-element-087f445\" data-id=\"087f445\" data-element_type=\"column\">\n\t\t\t<div class=\"elementor-widget-wrap elementor-element-populated\">\n\t\t\t\t\t\t\t\t<div class=\"elementor-element elementor-element-7a2a7ba elementor-widget elementor-widget-penci-fancy_heading\" data-id=\"7a2a7ba\" data-element_type=\"widget\" data-widget_type=\"penci-fancy_heading.default\">\n\t\t\t\t<div class=\"elementor-widget-container\">\n\t\t\t\t\t<div class=\"penci-fancy-heading penci-heading-text-left\">\r\n\t\t\t<div class=\"penci-fancy-heading-inner\">\r\n\t\t\t\t<h2 class=\"penci-heading-title\"><span class=\"inner-tit\">Publikacje<\/span><\/h2>\t\t\t<\/div>\r\n\t\t<\/div>\r\n\t\t\t\t<\/div>\n\t\t\t\t<\/div>\n\t\t\t\t\t<\/div>\n\t\t<\/div>\n\t\t\t\t<div class=\"penci-ercol-33 penci-ercol-order-2 penci-sticky-sb penci-sidebarSC   elementor-column elementor-col-33 elementor-top-column elementor-element elementor-element-e8bc493 elementor-hidden-desktop elementor-hidden-tablet elementor-hidden-mobile\" data-id=\"e8bc493\" data-element_type=\"column\">\n\t\t\t<div class=\"elementor-widget-wrap\">\n\t\t\t\t\t\t\t\t\t<\/div>\n\t\t<\/div>\n\t\t\t\t\t\t\t<\/div>\n\t\t<\/section>\n\t\t\t\t<section class=\"penci-section penci-disSticky penci-structure-10 elementor-section elementor-top-section elementor-element elementor-element-e605e8a elementor-section-boxed elementor-section-height-default elementor-section-height-default\" data-id=\"e605e8a\" data-element_type=\"section\">\n\t\t\t\t\t\t<div class=\"elementor-container elementor-column-gap-default\">\n\t\t\t\t\t<div class=\"penci-ercol-100 penci-ercol-order-1 penci-sticky-ct    elementor-column elementor-col-100 elementor-top-column elementor-element elementor-element-ce76724\" data-id=\"ce76724\" data-element_type=\"column\">\n\t\t\t<div class=\"elementor-widget-wrap elementor-element-populated\">\n\t\t\t\t\t\t\t\t<div class=\"elementor-element elementor-element-0ae3a88 elementor-widget elementor-widget-penci-text-block\" data-id=\"0ae3a88\" data-element_type=\"widget\" data-widget_type=\"penci-text-block.default\">\n\t\t\t\t<div class=\"elementor-widget-container\">\n\t\t\t\t\t<div class=\"penci-block-vc penci-text-editor\">\r\n\t\t\t\t\t\t<div class=\"penci-block_content\">\r\n\t\t\t\t<div class=\"elementor-text-editor elementor-clearfix\"><p>Wydawnictwo pokonferencyjne\u00a0<\/p><p>Zach\u0119camy do wsp\u00f3\u0142pracy w zakresie wydania pokonferencyjnej monografii. Zainteresowanych prosimy o przes\u0142anie artyku\u0142u do dnia 19 kwietnia 2023 r. na adres mailowy sekretariatu konferencji.<\/p><p>Publikacja zostanie wydana przez Wydawnictwo Wy\u017cszej Szko\u0142y Technicznej w Katowicach. Ilo\u015b\u0107 punkt\u00f3w za artyku\u0142 wynosi 20. W przypadku wsp\u00f3\u0142autorstwa ilo\u015b\u0107 ta zostanie podzielona pomi\u0119dzy autorami referatu.<\/p><p>W przypadku ch\u0119ci wsp\u00f3\u0142pracy w tym zakresie, uprzejmie prosz\u0119 o kontakt mailowy:\u00a0 biuro@forumpaliwalternatywnych.pl\u00a0<\/p><p><a href=\"https:\/\/forumpaliwalternatywnych.pl\/edycja2023\/wp-content\/uploads\/2023\/04\/Formatka_publikacja.docx\">Formatka_publikacji<\/a><\/p><\/div>\r\n\t\t\t<\/div>\r\n\t\t<\/div>\r\n\t\t\t\t<\/div>\n\t\t\t\t<\/div>\n\t\t\t\t\t<\/div>\n\t\t<\/div>\n\t\t\t\t\t\t\t<\/div>\n\t\t<\/section>\n\t\t\t\t<section class=\"penci-section penci-dmcheck penci-elbg-activate penci-disSticky penci-structure-22 elementor-section elementor-top-section elementor-element elementor-element-bdf743a elementor-section-content-middle elementor-section-boxed elementor-section-height-default elementor-section-height-default\" data-id=\"bdf743a\" data-element_type=\"section\" data-settings=\"{&quot;background_background&quot;:&quot;classic&quot;}\">\n\t\t\t\t\t\t<div class=\"elementor-container elementor-column-gap-extended\">\n\t\t\t\t\t<div class=\"penci-ercol-66 penci-ercol-order-1 penci-sticky-ct    elementor-column elementor-col-66 elementor-top-column elementor-element elementor-element-c957ae4\" data-id=\"c957ae4\" data-element_type=\"column\">\n\t\t\t<div class=\"elementor-widget-wrap\">\n\t\t\t\t\t\t\t\t\t<\/div>\n\t\t<\/div>\n\t\t\t\t<div class=\"penci-ercol-33 penci-ercol-order-2 penci-sticky-sb penci-sidebarSC   elementor-column elementor-col-33 elementor-top-column elementor-element elementor-element-1ae07d9 elementor-hidden-desktop elementor-hidden-tablet elementor-hidden-mobile\" data-id=\"1ae07d9\" data-element_type=\"column\">\n\t\t\t<div class=\"elementor-widget-wrap\">\n\t\t\t\t\t\t\t\t\t<\/div>\n\t\t<\/div>\n\t\t\t\t\t\t\t<\/div>\n\t\t<\/section>\n\t\t\t\t<section class=\"penci-section penci-disSticky penci-structure-10 elementor-section elementor-top-section elementor-element elementor-element-d9cac57 elementor-section-boxed elementor-section-height-default elementor-section-height-default\" data-id=\"d9cac57\" data-element_type=\"section\">\n\t\t\t\t\t\t<div class=\"elementor-container elementor-column-gap-default\">\n\t\t\t\t\t<div class=\"penci-ercol-100 penci-ercol-order-1 penci-sticky-ct    elementor-column elementor-col-100 elementor-top-column elementor-element elementor-element-e998663\" data-id=\"e998663\" data-element_type=\"column\">\n\t\t\t<div class=\"elementor-widget-wrap elementor-element-populated\">\n\t\t\t\t\t\t\t\t<div class=\"elementor-element elementor-element-aabd172 elementor-widget elementor-widget-image\" data-id=\"aabd172\" data-element_type=\"widget\" data-widget_type=\"image.default\">\n\t\t\t\t<div class=\"elementor-widget-container\">\n\t\t\t<style>\/*! elementor - v3.18.0 - 20-12-2023 *\/\n.elementor-widget-image{text-align:center}.elementor-widget-image a{display:inline-block}.elementor-widget-image a img[src$=\".svg\"]{width:48px}.elementor-widget-image img{vertical-align:middle;display:inline-block}<\/style>\t\t\t\t\t\t\t\t\t\t\t\t<img fetchpriority=\"high\" decoding=\"async\" width=\"768\" height=\"1086\" src=\"https:\/\/forumpaliwalternatywnych.pl\/edycja2023\/wp-content\/uploads\/2023\/03\/ulotka-fpa-4-768x1086.png\" class=\"attachment-medium_large size-medium_large wp-image-1191\" alt=\"\" srcset=\"https:\/\/forumpaliwalternatywnych.pl\/edycja2023\/wp-content\/uploads\/2023\/03\/ulotka-fpa-4-768x1086.png 768w, https:\/\/forumpaliwalternatywnych.pl\/edycja2023\/wp-content\/uploads\/2023\/03\/ulotka-fpa-4-212x300.png 212w, https:\/\/forumpaliwalternatywnych.pl\/edycja2023\/wp-content\/uploads\/2023\/03\/ulotka-fpa-4-724x1024.png 724w, https:\/\/forumpaliwalternatywnych.pl\/edycja2023\/wp-content\/uploads\/2023\/03\/ulotka-fpa-4-1086x1536.png 1086w, https:\/\/forumpaliwalternatywnych.pl\/edycja2023\/wp-content\/uploads\/2023\/03\/ulotka-fpa-4-1170x1655.png 1170w, https:\/\/forumpaliwalternatywnych.pl\/edycja2023\/wp-content\/uploads\/2023\/03\/ulotka-fpa-4-585x827.png 585w, https:\/\/forumpaliwalternatywnych.pl\/edycja2023\/wp-content\/uploads\/2023\/03\/ulotka-fpa-4.png 1414w\" sizes=\"(max-width: 768px) 100vw, 768px\" \/>\t\t\t\t\t\t\t\t\t\t\t\t\t\t\t<\/div>\n\t\t\t\t<\/div>\n\t\t\t\t<div class=\"elementor-element elementor-element-e739d2c elementor-widget elementor-widget-penci-fancy_heading\" data-id=\"e739d2c\" data-element_type=\"widget\" data-widget_type=\"penci-fancy_heading.default\">\n\t\t\t\t<div class=\"elementor-widget-container\">\n\t\t\t\t\t<div class=\"penci-fancy-heading penci-heading-text-left\">\r\n\t\t\t<div class=\"penci-fancy-heading-inner\">\r\n\t\t\t\t\t\t\t<\/div>\r\n\t\t<\/div>\r\n\t\t\t\t<\/div>\n\t\t\t\t<\/div>\n\t\t\t\t<div class=\"elementor-element elementor-element-9a06b0f elementor-widget elementor-widget-image\" data-id=\"9a06b0f\" data-element_type=\"widget\" data-widget_type=\"image.default\">\n\t\t\t\t<div class=\"elementor-widget-container\">\n\t\t\t\t\t\t\t\t\t\t\t\t\t\t\t<img decoding=\"async\" width=\"768\" height=\"1086\" src=\"https:\/\/forumpaliwalternatywnych.pl\/edycja2023\/wp-content\/uploads\/2023\/03\/ulotka-fpa-5-768x1086.png\" class=\"attachment-medium_large size-medium_large wp-image-1190\" alt=\"\" srcset=\"https:\/\/forumpaliwalternatywnych.pl\/edycja2023\/wp-content\/uploads\/2023\/03\/ulotka-fpa-5-768x1086.png 768w, https:\/\/forumpaliwalternatywnych.pl\/edycja2023\/wp-content\/uploads\/2023\/03\/ulotka-fpa-5-212x300.png 212w, https:\/\/forumpaliwalternatywnych.pl\/edycja2023\/wp-content\/uploads\/2023\/03\/ulotka-fpa-5-724x1024.png 724w, https:\/\/forumpaliwalternatywnych.pl\/edycja2023\/wp-content\/uploads\/2023\/03\/ulotka-fpa-5-1086x1536.png 1086w, https:\/\/forumpaliwalternatywnych.pl\/edycja2023\/wp-content\/uploads\/2023\/03\/ulotka-fpa-5-1170x1655.png 1170w, https:\/\/forumpaliwalternatywnych.pl\/edycja2023\/wp-content\/uploads\/2023\/03\/ulotka-fpa-5-585x827.png 585w, https:\/\/forumpaliwalternatywnych.pl\/edycja2023\/wp-content\/uploads\/2023\/03\/ulotka-fpa-5.png 1414w\" sizes=\"(max-width: 768px) 100vw, 768px\" \/>\t\t\t\t\t\t\t\t\t\t\t\t\t\t\t<\/div>\n\t\t\t\t<\/div>\n\t\t\t\t\t<\/div>\n\t\t<\/div>\n\t\t\t\t\t\t\t<\/div>\n\t\t<\/section>\n\t\t\t\t<section class=\"penci-section penci-disSticky penci-structure-10 elementor-section elementor-top-section elementor-element elementor-element-0afc5ed elementor-section-boxed elementor-section-height-default elementor-section-height-default\" data-id=\"0afc5ed\" data-element_type=\"section\">\n\t\t\t\t\t\t<div class=\"elementor-container elementor-column-gap-default\">\n\t\t\t\t\t<div class=\"penci-ercol-100 penci-ercol-order-1 penci-sticky-ct    elementor-column elementor-col-100 elementor-top-column elementor-element elementor-element-e909b52\" data-id=\"e909b52\" data-element_type=\"column\">\n\t\t\t<div class=\"elementor-widget-wrap elementor-element-populated\">\n\t\t\t\t\t\t\t\t<div class=\"elementor-element elementor-element-b824283 elementor-widget elementor-widget-penci-text-block\" data-id=\"b824283\" data-element_type=\"widget\" data-widget_type=\"penci-text-block.default\">\n\t\t\t\t<div class=\"elementor-widget-container\">\n\t\t\t\t\t<div class=\"penci-block-vc penci-text-editor\">\r\n\t\t\t        <div class=\"penci-border-arrow penci-homepage-title penci-home-latest-posts style-12 pcalign-left pciconp-right pcicon-right block-title-icon-left\">\r\n            <h3 class=\"inner-arrow\">\r\n                <span>\r\n                    <a href=\"Prezentacje\">prezentacje<\/a>                <\/span>\r\n            <\/h3>\r\n\t\t\t        <\/div>\r\n\t\t\t\t\t<div class=\"penci-block_content\">\r\n\t\t\t\t<div class=\"elementor-text-editor elementor-clearfix\"><p><a href=\"https:\/\/forumpaliwalternatywnych.pl\/edycja2023\/wp-content\/uploads\/2023\/04\/FPA-prezentacja-ogolna.pdf\">FPA prezentacja og\u00f3lna<\/a><\/p><p><a href=\"https:\/\/forumpaliwalternatywnych.pl\/edycja2023\/wp-content\/uploads\/2023\/04\/FPA-2023-Przemyslaw-Jura-Stan-gospodarki.pdf\">FPA 2023 &#8211; Przemys\u0142aw Jura &#8211; Stan gospodarki<\/a><\/p><p><a href=\"https:\/\/forumpaliwalternatywnych.pl\/edycja2023\/wp-content\/uploads\/2023\/03\/FPA-2023-Przemyslaw-Jura-Efektywnosc-procesow-gospodarki-odpadami.pdf\">FPA 2023 &#8211; Przemys\u0142aw Jura &#8211; Efektywno\u015b\u0107 proces\u00f3w gospodarki odpadami<\/a><\/p><p><a href=\"https:\/\/forumpaliwalternatywnych.pl\/edycja2023\/wp-content\/uploads\/2023\/04\/FPA-2023-Adam-Smolinski-Wodor-jako-nosnik-energii.pdf\">FPA 2023 &#8211; Adam Smoli\u0144ski &#8211; Wod\u00f3r jako no\u015bnik energii<\/a><\/p><p><a href=\"https:\/\/forumpaliwalternatywnych.pl\/edycja2023\/wp-content\/uploads\/2023\/04\/FPA-2023-Katarzyna-Wolny-Tomczyk-Paliwa-z-odpadow-i-biomasy.pdf\">FPA 2023 &#8211; Katarzyna Wolny-Tomczyk &#8211; Paliwa z odpad\u00f3w i biomasy<\/a><\/p><p><a href=\"https:\/\/forumpaliwalternatywnych.pl\/edycja2023\/wp-content\/uploads\/2023\/04\/FPA-2023-Andzej-Habryn-piroliza-paliw-typu-RDF.pdf\">FPA 2023 &#8211; Andzej Habry\u0144 &#8211; piroliza paliw typu RDF<\/a><\/p><\/div>\r\n\t\t\t<\/div>\r\n\t\t<\/div>\r\n\t\t\t\t<\/div>\n\t\t\t\t<\/div>\n\t\t\t\t\t<\/div>\n\t\t<\/div>\n\t\t\t\t\t\t\t<\/div>\n\t\t<\/section>\n\t\t\t\t<section class=\"penci-section penci-disSticky penci-structure-10 elementor-section elementor-top-section elementor-element elementor-element-9550556 elementor-section-boxed elementor-section-height-default elementor-section-height-default\" data-id=\"9550556\" data-element_type=\"section\">\n\t\t\t\t\t\t<div class=\"elementor-container elementor-column-gap-default\">\n\t\t\t\t\t<div class=\"penci-ercol-100 penci-ercol-order-1 penci-sticky-ct    elementor-column elementor-col-100 elementor-top-column elementor-element elementor-element-7fd74f3\" data-id=\"7fd74f3\" data-element_type=\"column\">\n\t\t\t<div class=\"elementor-widget-wrap elementor-element-populated\">\n\t\t\t\t\t\t\t\t<div class=\"elementor-element elementor-element-e425d78 elementor-widget elementor-widget-penci-text-block\" data-id=\"e425d78\" data-element_type=\"widget\" data-widget_type=\"penci-text-block.default\">\n\t\t\t\t<div class=\"elementor-widget-container\">\n\t\t\t\t\t<div class=\"penci-block-vc penci-text-editor\">\r\n\t\t\t        <div class=\"penci-border-arrow penci-homepage-title penci-home-latest-posts style-12 pcalign-left pciconp-right pcicon-right block-title-icon-left\">\r\n            <h3 class=\"inner-arrow\">\r\n                <span>\r\n                    <span>book of abstract<\/a>                <\/span>\r\n            <\/h3>\r\n\t\t\t        <\/div>\r\n\t\t\t\t\t<div class=\"penci-block_content\">\r\n\t\t\t\t<div class=\"elementor-text-editor elementor-clearfix\"><p><a href=\"https:\/\/forumpaliwalternatywnych.pl\/edycja2023\/wp-content\/uploads\/2023\/03\/book-of-abstract.pdf\">book of abstract<\/a><\/p><\/div>\r\n\t\t\t<\/div>\r\n\t\t<\/div>\r\n\t\t\t\t<\/div>\n\t\t\t\t<\/div>\n\t\t\t\t\t<\/div>\n\t\t<\/div>\n\t\t\t\t\t\t\t<\/div>\n\t\t<\/section>\n\t\t\t\t\t\t\t<\/div>\n\t\t","protected":false},"excerpt":{"rendered":"<p>Publikacje Wydawnictwo pokonferencyjne\u00a0 Zach\u0119camy do wsp\u00f3\u0142pracy w zakresie wydania pokonferencyjnej monografii. Zainteresowanych prosimy o przes\u0142anie artyku\u0142u do dnia 19 kwietnia 2023 r. na adres mailowy sekretariatu konferencji. Publikacja zostanie wydana&hellip;<\/p>\n","protected":false},"author":1,"featured_media":0,"parent":0,"menu_order":0,"comment_status":"closed","ping_status":"closed","template":"page-fullwidth.php","meta":{"footnotes":""},"_links":{"self":[{"href":"https:\/\/forumpaliwalternatywnych.pl\/edycja2023\/wp-json\/wp\/v2\/pages\/633"}],"collection":[{"href":"https:\/\/forumpaliwalternatywnych.pl\/edycja2023\/wp-json\/wp\/v2\/pages"}],"about":[{"href":"https:\/\/forumpaliwalternatywnych.pl\/edycja2023\/wp-json\/wp\/v2\/types\/page"}],"author":[{"embeddable":true,"href":"https:\/\/forumpaliwalternatywnych.pl\/edycja2023\/wp-json\/wp\/v2\/users\/1"}],"replies":[{"embeddable":true,"href":"https:\/\/forumpaliwalternatywnych.pl\/edycja2023\/wp-json\/wp\/v2\/comments?post=633"}],"version-history":[{"count":58,"href":"https:\/\/forumpaliwalternatywnych.pl\/edycja2023\/wp-json\/wp\/v2\/pages\/633\/revisions"}],"predecessor-version":[{"id":1313,"href":"https:\/\/forumpaliwalternatywnych.pl\/edycja2023\/wp-json\/wp\/v2\/pages\/633\/revisions\/1313"}],"wp:attachment":[{"href":"https:\/\/forumpaliwalternatywnych.pl\/edycja2023\/wp-json\/wp\/v2\/media?parent=633"}],"curies":[{"name":"wp","href":"https:\/\/api.w.org\/{rel}","templated":true}]}}